{"id":98,"date":"2024-04-02T20:39:50","date_gmt":"2024-04-02T20:39:50","guid":{"rendered":"http:\/\/ericroy.ca\/?page_id=98"},"modified":"2024-07-13T02:49:32","modified_gmt":"2024-07-13T02:49:32","slug":"contactez-nous","status":"publish","type":"page","link":"https:\/\/ericroy.ca\/fr\/contactez-nous\/","title":{"rendered":"Nous contacter"},"content":{"rendered":"<div data-elementor-type=\"wp-page\" data-elementor-id=\"98\" class=\"elementor elementor-98\" data-elementor-post-type=\"page\">\n\t\t\t\t<div class=\"elementor-element elementor-element-982b64f e-flex e-con-boxed e-con e-parent\" data-id=\"982b64f\" data-element_type=\"container\" data-e-type=\"container\">\n\t\t\t\t\t<div class=\"e-con-inner\">\n\t\t\t\t<div class=\"elementor-element elementor-element-662b1b8 elementor-invisible elementor-widget elementor-widget-heading\" data-id=\"662b1b8\" data-element_type=\"widget\" data-e-type=\"widget\" data-settings=\"{&quot;_animation&quot;:&quot;fadeInDown&quot;,&quot;ekit_we_effect_on&quot;:&quot;none&quot;}\" data-widget_type=\"heading.default\">\n\t\t\t\t<div class=\"elementor-widget-container\">\n\t\t\t\t\t<h1 class=\"elementor-heading-title elementor-size-default\">Commen\u00e7ons.<\/h1>\t\t\t\t<\/div>\n\t\t\t\t<\/div>\n\t\t\t\t<div class=\"elementor-element elementor-element-9e047b8 elementor-widget elementor-widget-text-editor\" data-id=\"9e047b8\" data-element_type=\"widget\" data-e-type=\"widget\" data-settings=\"{&quot;ekit_we_effect_on&quot;:&quot;none&quot;}\" data-widget_type=\"text-editor.default\">\n\t\t\t\t<div class=\"elementor-widget-container\">\n\t\t\t\t\t\t\t\t\t<p>Veuillez compl\u00e9ter le formulaire ci-dessous avec le plus de d\u00e9tails possible et nous vous r\u00e9pondrons dans les plus brefs d\u00e9lais.<\/p>\t\t\t\t\t\t\t\t<\/div>\n\t\t\t\t<\/div>\n\t\t\t\t\t<\/div>\n\t\t\t\t<\/div>\n\t\t\t\t<section class=\"elementor-section elementor-top-section elementor-element elementor-element-0abadab elementor-section-content-space-evenly elementor-section-boxed elementor-section-height-default elementor-section-height-default\" data-id=\"0abadab\" data-element_type=\"section\" data-e-type=\"section\" data-settings=\"{&quot;background_background&quot;:&quot;classic&quot;}\">\n\t\t\t\t\t\t<div class=\"elementor-container elementor-column-gap-default\">\n\t\t\t\t\t<div class=\"elementor-column elementor-col-100 elementor-top-column elementor-element elementor-element-d733e61\" data-id=\"d733e61\" data-element_type=\"column\" data-e-type=\"column\">\n\t\t\t<div class=\"elementor-widget-wrap elementor-element-populated\">\n\t\t\t\t\t\t<div class=\"elementor-element elementor-element-355d55b elementor-widget elementor-widget-shortcode\" data-id=\"355d55b\" data-element_type=\"widget\" data-e-type=\"widget\" data-settings=\"{&quot;ekit_we_effect_on&quot;:&quot;none&quot;}\" data-widget_type=\"shortcode.default\">\n\t\t\t\t<div class=\"elementor-widget-container\">\n\t\t\t\t\t\t\t<div class=\"elementor-shortcode\"><div class=\"forminator-ui forminator-custom-form forminator-custom-form-4659 forminator-design--default  forminator_ajax\" data-forminator-render=\"1\" data-form=\"forminator-module-4659\" data-uid=\"69e45cb6c35e0\"><br\/><\/div><form\r\n\t\t\t\tid=\"forminator-module-4659\"\r\n\t\t\t\tclass=\"forminator-ui forminator-custom-form forminator-custom-form-4659 forminator-design--default  forminator_ajax\"\r\n\t\t\t\tmethod=\"post\"\r\n\t\t\t\tdata-forminator-render=\"1\"\r\n\t\t\t\tdata-form-id=\"4659\"\r\n\t\t\t\t data-color-option=\"default\" data-design=\"default\" data-grid=\"open\" style=\"display: none;\"\r\n\t\t\t\tdata-uid=\"69e45cb6c35e0\" action=\"\"\r\n\t\t\t><div role=\"alert\" aria-live=\"polite\" class=\"forminator-response-message forminator-error\" aria-hidden=\"true\"><\/div><div role=\"tablist\" class=\"forminator-pagination-steps\" aria-label=\"Pagination\"><\/div><div\r\n\t\t\t\ttabindex=\"-1\"\r\n\t\t\t\trole=\"tabpanel\"\r\n\t\t\t\tid=\"forminator-custom-form-4659--page-0\"\r\n\t\t\t\tclass=\"forminator-pagination forminator-pagination-start\"\r\n\t\t\t\taria-labelledby=\"forminator-custom-form-4659--page-0-label\"\r\n\t\t\t\tdata-step=\"0\"\r\n\t\t\t\tdata-label=\"Submit Request\"\r\n\t\t\t\tdata-actual-label=\"Select Options\"\r\n\t\t\t\tdata-name=\"page-break-1\"\r\n\t\t\t><div class=\"forminator-pagination--content\"><div class=\"forminator-row\"><div id=\"section-1\" class=\"forminator-field-section forminator-col forminator-col-12\"><div class=\"forminator-field\"><\/div><\/div><\/div><div class=\"forminator-row\"><div id=\"radio-1\" class=\"forminator-field-radio forminator-col forminator-col-6\"><div role=\"radiogroup\" class=\"forminator-field\" aria-labelledby=\"forminator-radiogroup-radio-1-69e45cb6c35e0-label\"><span id=\"forminator-radiogroup-radio-1-69e45cb6c35e0-label\" class=\"forminator-label\">Vous \u00eates d\u00e9j\u00e0 client ? <span class=\"forminator-required\">*<\/span><\/span><label id=\"forminator-field-radio-1-label-1\" for=\"forminator-field-radio-1-1-69e45cb6c35e0\" class=\"forminator-radio\" title=\"Non. C&#039;est la premi\u00e8re fois que je prends contact avec vous.\"><input type=\"radio\" name=\"radio-1\" value=\"two\" id=\"forminator-field-radio-1-1-69e45cb6c35e0\" aria-labelledby=\"forminator-field-radio-1-label-1\" data-calculation=\"0\"   data-hidden-behavior=\"zero\"\/><span class=\"forminator-radio-bullet\" aria-hidden=\"true\"><\/span><span class=\"forminator-radio-label\">Non. C'est la premi\u00e8re fois que je prends contact avec vous.<\/span><\/label><label id=\"forminator-field-radio-1-label-2\" for=\"forminator-field-radio-1-2-69e45cb6c35e0\" class=\"forminator-radio\" title=\"Oui, je suis un client actuel.\"><input type=\"radio\" name=\"radio-1\" value=\"one\" id=\"forminator-field-radio-1-2-69e45cb6c35e0\" aria-labelledby=\"forminator-field-radio-1-label-2\" data-calculation=\"0\"   data-hidden-behavior=\"zero\"\/><span class=\"forminator-radio-bullet\" aria-hidden=\"true\"><\/span><span class=\"forminator-radio-label\">Oui, je suis un client actuel.<\/span><\/label><label id=\"forminator-field-radio-1-label-3\" for=\"forminator-field-radio-1-3-69e45cb6c35e0\" class=\"forminator-radio\" title=\"Je suis un ancien client.\"><input type=\"radio\" name=\"radio-1\" value=\"I-am-a-previous-past-client.\" id=\"forminator-field-radio-1-3-69e45cb6c35e0\" aria-labelledby=\"forminator-field-radio-1-label-3\" data-calculation=\"0\"   data-hidden-behavior=\"zero\"\/><span class=\"forminator-radio-bullet\" aria-hidden=\"true\"><\/span><span class=\"forminator-radio-label\">Je suis un ancien client.<\/span><\/label><\/div><\/div><div id=\"checkbox-1\" class=\"forminator-field-checkbox forminator-col forminator-col-6\"><div role=\"group\" class=\"forminator-field required\" aria-labelledby=\"forminator-checkbox-group-forminator-field-checkbox-1-69e45cb6c35e0-label\"><span id=\"forminator-checkbox-group-forminator-field-checkbox-1-69e45cb6c35e0-label\" class=\"forminator-label\">Quel(s) service(s) vous int\u00e9resse(nt) ? <span class=\"forminator-required\">*<\/span><\/span><label id=\"forminator-field-checkbox-1-1-69e45cb6c35e0-label\" for=\"forminator-field-checkbox-1-1-69e45cb6c35e0\" class=\"forminator-checkbox\" title=\"Conseils financiers\"><input type=\"checkbox\" name=\"checkbox-1[]\" value=\"Financial-Advice\" id=\"forminator-field-checkbox-1-1-69e45cb6c35e0\" aria-labelledby=\"forminator-field-checkbox-1-1-69e45cb6c35e0-label\" data-calculation=\"0\"   data-hidden-behavior=\"zero\" aria-describedby=\"forminator-field-checkbox-1-69e45cb6c35e0-description\"\/><span class=\"forminator-checkbox-box\" aria-hidden=\"true\"><\/span><span class=\"forminator-checkbox-label\">Conseils financiers<\/span><\/label><label id=\"forminator-field-checkbox-1-2-69e45cb6c35e0-label\" for=\"forminator-field-checkbox-1-2-69e45cb6c35e0\" class=\"forminator-checkbox\" title=\"Investissements sur le march\u00e9 priv\u00e9\"><input type=\"checkbox\" name=\"checkbox-1[]\" value=\"one\" id=\"forminator-field-checkbox-1-2-69e45cb6c35e0\" aria-labelledby=\"forminator-field-checkbox-1-2-69e45cb6c35e0-label\" data-calculation=\"0\"   data-hidden-behavior=\"zero\" aria-describedby=\"forminator-field-checkbox-1-69e45cb6c35e0-description\"\/><span class=\"forminator-checkbox-box\" aria-hidden=\"true\"><\/span><span class=\"forminator-checkbox-label\">Investissements sur le march\u00e9 priv\u00e9<\/span><\/label><label id=\"forminator-field-checkbox-1-3-69e45cb6c35e0-label\" for=\"forminator-field-checkbox-1-3-69e45cb6c35e0\" class=\"forminator-checkbox\" title=\"Produits d&#039;assurance\"><input type=\"checkbox\" name=\"checkbox-1[]\" value=\"two\" id=\"forminator-field-checkbox-1-3-69e45cb6c35e0\" aria-labelledby=\"forminator-field-checkbox-1-3-69e45cb6c35e0-label\" data-calculation=\"0\"   data-hidden-behavior=\"zero\" aria-describedby=\"forminator-field-checkbox-1-69e45cb6c35e0-description\"\/><span class=\"forminator-checkbox-box\" aria-hidden=\"true\"><\/span><span class=\"forminator-checkbox-label\">Produits d'assurance<\/span><\/label><label id=\"forminator-field-checkbox-1-4-69e45cb6c35e0-label\" for=\"forminator-field-checkbox-1-4-69e45cb6c35e0\" class=\"forminator-checkbox\" title=\"Concept de banque infinie\"><input type=\"checkbox\" name=\"checkbox-1[]\" value=\"Infinite-Banking\" id=\"forminator-field-checkbox-1-4-69e45cb6c35e0\" aria-labelledby=\"forminator-field-checkbox-1-4-69e45cb6c35e0-label\" data-calculation=\"0\"   data-hidden-behavior=\"zero\" aria-describedby=\"forminator-field-checkbox-1-69e45cb6c35e0-description\"\/><span class=\"forminator-checkbox-box\" aria-hidden=\"true\"><\/span><span class=\"forminator-checkbox-label\">Concept de banque infinie<\/span><\/label><label id=\"forminator-field-checkbox-1-5-69e45cb6c35e0-label\" for=\"forminator-field-checkbox-1-5-69e45cb6c35e0\" class=\"forminator-checkbox\" title=\"Autres\"><input type=\"checkbox\" name=\"checkbox-1[]\" value=\"Other\" id=\"forminator-field-checkbox-1-5-69e45cb6c35e0\" aria-labelledby=\"forminator-field-checkbox-1-5-69e45cb6c35e0-label\" data-calculation=\"0\"   data-hidden-behavior=\"zero\" aria-describedby=\"forminator-field-checkbox-1-69e45cb6c35e0-description\"\/><span class=\"forminator-checkbox-box\" aria-hidden=\"true\"><\/span><span class=\"forminator-checkbox-label\">Autres<\/span><\/label><span id=\"forminator-field-checkbox-1-69e45cb6c35e0-description\" class=\"forminator-description\">Veuillez s\u00e9lectionner toutes les r\u00e9ponses qui s'appliquent.<\/span><\/div><\/div><\/div><\/div><\/div><div\r\n\t\t\t\ttabindex=\"-1\"\r\n\t\t\t\trole=\"tabpanel\"\r\n\t\t\t\tid=\"forminator-custom-form-4659--page-1\"\r\n\t\t\t\tclass=\"forminator-pagination\"\r\n\t\t\t\taria-labelledby=\"forminator-custom-form-4659--page-1-label\"\r\n\t\t\t\taria-hidden=\"true\"\r\n\t\t\t\tdata-step=\"1\"\r\n\t\t\t\tdata-label=\"Select Options\"\r\n\t\t\t\tdata-actual-label=\"Additional notes\"\r\n\t\t\t\tdata-name=\"page-break-2\"\r\n\t\t\t\thidden\r\n\t\t\t><div class=\"forminator-pagination--content\"><div class=\"forminator-row\"><div id=\"section-2\" class=\"forminator-field-section forminator-col forminator-col-12\"><div class=\"forminator-field\"><\/div><\/div><\/div><div class=\"forminator-row\"><div id=\"select-1\" class=\"forminator-field-select forminator-col forminator-col-12\"><div class=\"forminator-field\"><label for=\"forminator-form-4659__field--select-1_69e45cb6c35e0\" id=\"forminator-form-4659__field--select-1_69e45cb6c35e0-label\" class=\"forminator-label\">Dans quelle province vivez-vous ?<\/label><select  id=\"forminator-form-4659__field--select-1_69e45cb6c35e0\" class=\"forminator-select--field forminator-select2 forminator-select2-multiple\" data-required=\"\" name=\"select-1\" data-default-value=\"\" data-hidden-behavior=\"zero\" data-placeholder=\"Please choose\" data-search=\"false\" data-search-placeholder=\"Please choose\" data-checkbox=\"false\" data-allow-clear=\"false\" aria-labelledby=\"forminator-form-4659__field--select-1_69e45cb6c35e0-label\"><option value=\"\"  >Veuillez choisir<\/option><option value=\"one\"  data-calculation=\"0\">Alberta<\/option><option value=\"two\"  data-calculation=\"0\">Colombie-Britannique<\/option><option value=\"Manitoba\"  data-calculation=\"0\">Manitoba<\/option><option value=\"New-Brunswick\"  data-calculation=\"0\">Nouveau-Brunswick<\/option><option value=\"Newfoundland-and-Labrador\"  data-calculation=\"0\">Terre-Neuve et Labrador<\/option><option value=\"Nova-Scotia\"  data-calculation=\"0\">Nouvelle-\u00c9cosse<\/option><option value=\"Ontario\"  data-calculation=\"0\">Ontario<\/option><option value=\"Prince-Edward-Island\"  data-calculation=\"0\">\u00cele-du-Prince-\u00c9douard<\/option><option value=\"Quebec\"  data-calculation=\"0\">Qu\u00e9bec<\/option><option value=\"Saskatchewan\"  data-calculation=\"0\">Saskatchewan<\/option><\/select><\/div><\/div><\/div><div class=\"forminator-row\"><div id=\"textarea-1\" class=\"forminator-field-textarea forminator-col forminator-col-12\"><div class=\"forminator-field\"><label for=\"forminator-field-textarea-1_69e45cb6c35e0\" id=\"forminator-field-textarea-1_69e45cb6c35e0-label\" class=\"forminator-label\">Des remarques suppl\u00e9mentaires ?<\/label><textarea name=\"textarea-1\" placeholder=\"Toutes les informations que vous fournissez sont strictement confidentielles et prot\u00e9g\u00e9es.\" id=\"forminator-field-textarea-1_69e45cb6c35e0\" class=\"forminator-textarea\" rows=\"6\" style=\"--forminator-textarea-min-height:140px;\" ><\/textarea><\/div><\/div><\/div><\/div><\/div><div\r\n\t\t\t\ttabindex=\"-1\"\r\n\t\t\t\trole=\"tabpanel\"\r\n\t\t\t\tid=\"forminator-custom-form-4659--page-2\"\r\n\t\t\t\tclass=\"forminator-pagination\"\r\n\t\t\t\taria-labelledby=\"forminator-custom-form-4659--page-2-label\"\r\n\t\t\t\taria-hidden=\"true\"\r\n\t\t\t\tdata-step=\"2\"\r\n\t\t\t\tdata-label=\"Additional notes\"\r\n\t\t\t\tdata-actual-label=\"Submit Request\"\r\n\t\t\t\tdata-name=\"\"\r\n\t\t\t\thidden\r\n\t\t\t><div class=\"forminator-pagination--content\"><div class=\"forminator-row\"><div id=\"section-3\" class=\"forminator-field-section forminator-col forminator-col-12\"><div class=\"forminator-field\"><h3 class=\"forminator-subtitle\">Saisissez vos coordonn\u00e9es pour que nous puissions vous joindre.<\/h3><\/div><\/div><\/div><div class=\"forminator-row\"><div id=\"name-1\" class=\"forminator-field-name forminator-col forminator-col-4\"><div class=\"forminator-field\"><label for=\"forminator-field-name-1_69e45cb6c35e0\" id=\"forminator-field-name-1_69e45cb6c35e0-label\" class=\"forminator-label\">Nom <span class=\"forminator-required\">*<\/span><\/label><input type=\"text\" name=\"name-1\" value=\"\" placeholder=\"\" id=\"forminator-field-name-1_69e45cb6c35e0\" class=\"forminator-input forminator-name--field\" aria-required=\"true\" autocomplete=\"name\" \/><\/div><\/div><div id=\"phone-1\" class=\"forminator-field-phone forminator-col forminator-col-4\"><div class=\"forminator-field\"><label for=\"forminator-field-phone-1_69e45cb6c35e0\" id=\"forminator-field-phone-1_69e45cb6c35e0-label\" class=\"forminator-label\">T\u00e9l\u00e9phone <span class=\"forminator-required\">*<\/span><\/label><input type=\"text\" name=\"phone-1\" value=\"\" placeholder=\"\" id=\"forminator-field-phone-1_69e45cb6c35e0\" class=\"forminator-input forminator-field--phone\" data-required=\"1\" aria-required=\"true\" autocomplete=\"off\" \/><\/div><\/div><div id=\"email-1\" class=\"forminator-field-email forminator-col forminator-col-4\"><div class=\"forminator-field\"><label for=\"forminator-field-email-1_69e45cb6c35e0\" id=\"forminator-field-email-1_69e45cb6c35e0-label\" class=\"forminator-label\">Adresse \u00e9lectronique <span class=\"forminator-required\">*<\/span><\/label><input type=\"email\" name=\"email-1\" value=\"\" placeholder=\"\" id=\"forminator-field-email-1_69e45cb6c35e0\" class=\"forminator-input forminator-email--field\" data-required=\"1\" aria-required=\"true\" autocomplete=\"email\" \/><\/div><\/div><\/div><div class=\"forminator-row\"><div id=\"captcha-1\" class=\"forminator-field-captcha forminator-col forminator-col-12\"><div class=\"forminator-captcha-left forminator-g-recaptcha recaptcha-invisible\" data-theme=\"light\" data-badge=\"inline\" data-sitekey=\"6LdX-rgUAAAAAFsQOfO8ABHGpiOU-KHeiRzodtAs\" data-size=\"invisible\"><\/div> <\/div><\/div><\/div><button class=\"forminator-button forminator-pagination-submit\" style=\"display: none;\" disabled>SOUMETTRE<\/button><\/div><input type=\"hidden\" name=\"referer_url\" value=\"\" \/><input type=\"hidden\" id=\"forminator_nonce\" name=\"forminator_nonce\" value=\"a8530df1be\" \/><input type=\"hidden\" name=\"_wp_http_referer\" value=\"\/fr\/wp-json\/wp\/v2\/pages\/98\" \/><input type=\"hidden\" name=\"form_id\" value=\"4659\"><input type=\"hidden\" name=\"page_id\" value=\"98\"><input type=\"hidden\" name=\"form_type\" value=\"default\"><input type=\"hidden\" name=\"current_url\" value=\"https:\/\/ericroy.ca\/fr\/contactez-nous\/\"><input type=\"hidden\" name=\"render_id\" value=\"1\"><input type=\"hidden\" name=\"action\" value=\"forminator_submit_form_custom-forms\"><label for=\"input_8\" class=\"forminator-hidden\" aria-hidden=\"true\">Veuillez ne pas remplir ce champ. <input id=\"input_8\" type=\"text\" name=\"input_8\" value=\"\" autocomplete=\"off\"><\/label><label for=\"input_8\" class=\"forminator-hidden\" aria-hidden=\"true\">Veuillez ne pas remplir ce champ. <input id=\"input_8\" type=\"text\" name=\"input_8\" value=\"\" autocomplete=\"off\"><\/label><input type=\"hidden\" name=\"trp-form-language\" value=\"fr\"\/><\/form><\/div>\n\t\t\t\t\t\t<\/div>\n\t\t\t\t<\/div>\n\t\t\t\t<div class=\"elementor-element elementor-element-a37f7f9 elementor-widget__width-initial elementor-absolute elementor-invisible elementor-widget elementor-widget-image\" data-id=\"a37f7f9\" data-element_type=\"widget\" data-e-type=\"widget\" data-settings=\"{&quot;_animation&quot;:&quot;fadeInRight&quot;,&quot;_position&quot;:&quot;absolute&quot;,&quot;motion_fx_motion_fx_scrolling&quot;:&quot;yes&quot;,&quot;motion_fx_translateX_effect&quot;:&quot;yes&quot;,&quot;ekit_we_effect_on&quot;:&quot;none&quot;,&quot;motion_fx_translateX_speed&quot;:{&quot;unit&quot;:&quot;px&quot;,&quot;size&quot;:4,&quot;sizes&quot;:[]},&quot;motion_fx_translateX_affectedRange&quot;:{&quot;unit&quot;:&quot;%&quot;,&quot;size&quot;:&quot;&quot;,&quot;sizes&quot;:{&quot;start&quot;:0,&quot;end&quot;:100}},&quot;motion_fx_devices&quot;:[&quot;desktop&quot;,&quot;tablet&quot;,&quot;mobile&quot;]}\" data-widget_type=\"image.default\">\n\t\t\t\t<div class=\"elementor-widget-container\">\n\t\t\t\t\t\t\t\t\t\t\t\t\t\t\t<img decoding=\"async\" width=\"132\" height=\"192\" data-src=\"https:\/\/ericroy.ca\/wp-content\/uploads\/2024\/05\/dots.png\" class=\"attachment-large size-large wp-image-545 lazyload\" alt=\"\" src=\"data:image\/svg+xml;base64,PHN2ZyB3aWR0aD0iMSIgaGVpZ2h0PSIxIiB4bWxucz0iaHR0cDovL3d3dy53My5vcmcvMjAwMC9zdmciPjwvc3ZnPg==\" style=\"--smush-placeholder-width: 132px; --smush-placeholder-aspect-ratio: 132\/192;\" \/>\t\t\t\t\t\t\t\t\t\t\t\t\t\t\t<\/div>\n\t\t\t\t<\/div>\n\t\t\t\t\t<\/div>\n\t\t<\/div>\n\t\t\t\t\t<\/div>\n\t\t<\/section>\n\t\t<div class=\"elementor-element elementor-element-b1f21ef e-flex e-con-boxed e-con e-parent\" data-id=\"b1f21ef\" data-element_type=\"container\" data-e-type=\"container\">\n\t\t\t\t\t<div class=\"e-con-inner\">\n\t\t\t\t<div class=\"elementor-element elementor-element-c95b6af elementor-widget__width-initial elementor-view-default elementor-position-block-start elementor-mobile-position-block-start elementor-widget elementor-widget-icon-box\" data-id=\"c95b6af\" data-element_type=\"widget\" data-e-type=\"widget\" data-settings=\"{&quot;ekit_we_effect_on&quot;:&quot;none&quot;}\" data-widget_type=\"icon-box.default\">\n\t\t\t\t<div class=\"elementor-widget-container\">\n\t\t\t\t\t\t\t<div class=\"elementor-icon-box-wrapper\">\n\n\t\t\t\t\t\t<div class=\"elementor-icon-box-icon\">\n\t\t\t\t<span  class=\"elementor-icon\">\n\t\t\t\t<svg aria-hidden=\"true\" class=\"e-font-icon-svg e-fas-map-marked-alt\" viewbox=\"0 0 576 512\" xmlns=\"http:\/\/www.w3.org\/2000\/svg\"><path d=\"M288 0c-69.59 0-126 56.41-126 126 0 56.26 82.35 158.8 113.9 196.02 6.39 7.54 17.82 7.54 24.2 0C331.65 284.8 414 182.26 414 126 414 56.41 357.59 0 288 0zm0 168c-23.2 0-42-18.8-42-42s18.8-42 42-42 42 18.8 42 42-18.8 42-42 42zM20.12 215.95A32.006 32.006 0 0 0 0 245.66v250.32c0 11.32 11.43 19.06 21.94 14.86L160 448V214.92c-8.84-15.98-16.07-31.54-21.25-46.42L20.12 215.95zM288 359.67c-14.07 0-27.38-6.18-36.51-16.96-19.66-23.2-40.57-49.62-59.49-76.72v182l192 64V266c-18.92 27.09-39.82 53.52-59.49 76.72-9.13 10.77-22.44 16.95-36.51 16.95zm266.06-198.51L416 224v288l139.88-55.95A31.996 31.996 0 0 0 576 426.34V176.02c0-11.32-11.43-19.06-21.94-14.86z\"><\/path><\/svg>\t\t\t\t<\/span>\n\t\t\t<\/div>\n\t\t\t\n\t\t\t\t\t\t<div class=\"elementor-icon-box-content\">\n\n\t\t\t\t\t\t\t\t\t<h3 class=\"elementor-icon-box-title\">\n\t\t\t\t\t\t<span  >\n\t\t\t\t\t\t\tLocalisation du bureau\t\t\t\t\t\t<\/span>\n\t\t\t\t\t<\/h3>\n\t\t\t\t\n\t\t\t\t\t\t\t\t\t<p class=\"elementor-icon-box-description\">\n\t\t\t\t\t\t204 Chemin d'Aylmer, Suite 401<br>\nGatineau, QC\nJ9H 1A1\t\t\t\t\t<\/p>\n\t\t\t\t\n\t\t\t<\/div>\n\t\t\t\n\t\t<\/div>\n\t\t\t\t\t\t<\/div>\n\t\t\t\t<\/div>\n\t\t\t\t<div class=\"elementor-element elementor-element-df95956 elementor-widget__width-initial elementor-view-default elementor-position-block-start elementor-mobile-position-block-start elementor-widget elementor-widget-icon-box\" data-id=\"df95956\" data-element_type=\"widget\" data-e-type=\"widget\" data-settings=\"{&quot;ekit_we_effect_on&quot;:&quot;none&quot;}\" data-widget_type=\"icon-box.default\">\n\t\t\t\t<div class=\"elementor-widget-container\">\n\t\t\t\t\t\t\t<div class=\"elementor-icon-box-wrapper\">\n\n\t\t\t\t\t\t<div class=\"elementor-icon-box-icon\">\n\t\t\t\t<span  class=\"elementor-icon\">\n\t\t\t\t<svg aria-hidden=\"true\" class=\"e-font-icon-svg e-fas-phone-square-alt\" viewbox=\"0 0 448 512\" xmlns=\"http:\/\/www.w3.org\/2000\/svg\"><path d=\"M400 32H48A48 48 0 0 0 0 80v352a48 48 0 0 0 48 48h352a48 48 0 0 0 48-48V80a48 48 0 0 0-48-48zm-16.39 307.37l-15 65A15 15 0 0 1 354 416C194 416 64 286.29 64 126a15.7 15.7 0 0 1 11.63-14.61l65-15A18.23 18.23 0 0 1 144 96a16.27 16.27 0 0 1 13.79 9.09l30 70A17.9 17.9 0 0 1 189 181a17 17 0 0 1-5.5 11.61l-37.89 31a231.91 231.91 0 0 0 110.78 110.78l31-37.89A17 17 0 0 1 299 291a17.85 17.85 0 0 1 5.91 1.21l70 30A16.25 16.25 0 0 1 384 336a17.41 17.41 0 0 1-.39 3.37z\"><\/path><\/svg>\t\t\t\t<\/span>\n\t\t\t<\/div>\n\t\t\t\n\t\t\t\t\t\t<div class=\"elementor-icon-box-content\">\n\n\t\t\t\t\t\t\t\t\t<h3 class=\"elementor-icon-box-title\">\n\t\t\t\t\t\t<span  >\n\t\t\t\t\t\t\tContact\t\t\t\t\t\t<\/span>\n\t\t\t\t\t<\/h3>\n\t\t\t\t\n\t\t\t\t\t\t\t\t\t<p class=\"elementor-icon-box-description\">\n\t\t\t\t\t\tT\u00e9l\u00e9phone du bureau : (819) 557-1771<br>\nFax du bureau : (819) 557-1707\t\t\t\t\t<\/p>\n\t\t\t\t\n\t\t\t<\/div>\n\t\t\t\n\t\t<\/div>\n\t\t\t\t\t\t<\/div>\n\t\t\t\t<\/div>\n\t\t\t\t<div class=\"elementor-element elementor-element-3b239ff elementor-widget__width-initial elementor-view-default elementor-position-block-start elementor-mobile-position-block-start elementor-widget elementor-widget-icon-box\" data-id=\"3b239ff\" data-element_type=\"widget\" data-e-type=\"widget\" data-settings=\"{&quot;ekit_we_effect_on&quot;:&quot;none&quot;}\" data-widget_type=\"icon-box.default\">\n\t\t\t\t<div class=\"elementor-widget-container\">\n\t\t\t\t\t\t\t<div class=\"elementor-icon-box-wrapper\">\n\n\t\t\t\t\t\t<div class=\"elementor-icon-box-icon\">\n\t\t\t\t<span  class=\"elementor-icon\">\n\t\t\t\t<svg aria-hidden=\"true\" class=\"e-font-icon-svg e-fas-paper-plane\" viewbox=\"0 0 512 512\" xmlns=\"http:\/\/www.w3.org\/2000\/svg\"><path d=\"M476 3.2L12.5 270.6c-18.1 10.4-15.8 35.6 2.2 43.2L121 358.4l287.3-253.2c5.5-4.9 13.3 2.6 8.6 8.3L176 407v80.5c0 23.6 28.5 32.9 42.5 15.8L282 426l124.6 52.2c14.2 6 30.4-2.9 33-18.2l72-432C515 7.8 493.3-6.8 476 3.2z\"><\/path><\/svg>\t\t\t\t<\/span>\n\t\t\t<\/div>\n\t\t\t\n\t\t\t\t\t\t<div class=\"elementor-icon-box-content\">\n\n\t\t\t\t\t\t\t\t\t<h3 class=\"elementor-icon-box-title\">\n\t\t\t\t\t\t<span  >\n\t\t\t\t\t\t\tCourriel\t\t\t\t\t\t<\/span>\n\t\t\t\t\t<\/h3>\n\t\t\t\t\n\t\t\t\t\t\t\t\t\t<p class=\"elementor-icon-box-description\">\n\t\t\t\t\t\tEric Roy : eric@ericroy.ca<br>\nAssurance : admin@ericroy.ca\n\t\t\t\t\t<\/p>\n\t\t\t\t\n\t\t\t<\/div>\n\t\t\t\n\t\t<\/div>\n\t\t\t\t\t\t<\/div>\n\t\t\t\t<\/div>\n\t\t\t\t\t<\/div>\n\t\t\t\t<\/div>\n\t\t\t\t<\/div>","protected":false},"excerpt":{"rendered":"<p>Commen\u00e7ons. Veuillez remplir le formulaire ci-dessous en donnant le plus de d\u00e9tails possible et nous vous r\u00e9pondrons dans les plus brefs d\u00e9lais. Emplacement du bureau 204, chemin d'Aylmer, bureau 401 Gatineau (Qu\u00e9bec) J9H 1A1 Contact T\u00e9l\u00e9phone du bureau : (819) 557-1771 T\u00e9l\u00e9copieur du bureau : (819) 557-1707 Courriel Eric Roy : eric@ericroy.ca Assurance : admin@ericroy.ca<\/p>","protected":false},"author":49,"featured_media":0,"parent":0,"menu_order":0,"comment_status":"closed","ping_status":"closed","template":"","meta":{"footnotes":""},"class_list":["post-98","page","type-page","status-publish","hentry"],"_links":{"self":[{"href":"https:\/\/ericroy.ca\/fr\/wp-json\/wp\/v2\/pages\/98","targetHints":{"allow":["GET"]}}],"collection":[{"href":"https:\/\/ericroy.ca\/fr\/wp-json\/wp\/v2\/pages"}],"about":[{"href":"https:\/\/ericroy.ca\/fr\/wp-json\/wp\/v2\/types\/page"}],"author":[{"embeddable":true,"href":"https:\/\/ericroy.ca\/fr\/wp-json\/wp\/v2\/users\/49"}],"replies":[{"embeddable":true,"href":"https:\/\/ericroy.ca\/fr\/wp-json\/wp\/v2\/comments?post=98"}],"version-history":[{"count":0,"href":"https:\/\/ericroy.ca\/fr\/wp-json\/wp\/v2\/pages\/98\/revisions"}],"wp:attachment":[{"href":"https:\/\/ericroy.ca\/fr\/wp-json\/wp\/v2\/media?parent=98"}],"curies":[{"name":"wp","href":"https:\/\/api.w.org\/{rel}","templated":true}]}}