{"id":4951,"date":"2025-05-05T02:20:43","date_gmt":"2025-05-05T02:20:43","guid":{"rendered":"https:\/\/ericroy.ca\/?page_id=4951"},"modified":"2025-05-05T02:21:59","modified_gmt":"2025-05-05T02:21:59","slug":"vie-privee","status":"publish","type":"page","link":"https:\/\/ericroy.ca\/fr\/vie-privee\/","title":{"rendered":"Politique de confidentialit\u00e9"},"content":{"rendered":"<p><strong>\u00c0 propos<\/strong><br>Notre site web se trouve \u00e0 l'adresse suivante&nbsp;<a target=\"_blank\" href=\"https:\/\/ericroy.ca\/fr\/\" rel=\"noreferrer noopener\">https:\/\/ericroy.ca<\/a>.<\/p>\n\n\n\n<p><strong>Aper\u00e7u de la politique de protection de la vie priv\u00e9e<\/strong><br>Chez Eric Roy, nous nous engageons \u00e0 prot\u00e9ger votre vie priv\u00e9e et \u00e0 veiller \u00e0 ce que vos renseignements personnels soient trait\u00e9s de fa\u00e7on transparente et s\u00e9curitaire. La pr\u00e9sente politique de confidentialit\u00e9 d\u00e9crit la fa\u00e7on dont nous recueillons, utilisons, divulguons et prot\u00e9geons vos renseignements conform\u00e9ment aux lois canadiennes sur la protection de la vie priv\u00e9e, y compris la Loi sur la protection des renseignements personnels et les documents \u00e9lectroniques (LPRPDE).<\/p>\n\n\n\n<p><strong>Commentaires<\/strong><br>Lorsque les utilisateurs publient des commentaires sur notre site, nous recueillons les informations affich\u00e9es dans le formulaire de commentaires, ainsi que l'adresse IP du visiteur et la cha\u00eene de l'agent utilisateur du navigateur \u00e0 des fins de d\u00e9tection du spam.<\/p>\n\n\n\n<p>Une cha\u00eene anonyme cr\u00e9\u00e9e \u00e0 partir de votre adresse \u00e9lectronique (commun\u00e9ment appel\u00e9e \"hash\") peut \u00eatre partag\u00e9e avec le service Gravatar pour v\u00e9rifier si vous l'utilisez. La politique de confidentialit\u00e9 du service Gravatar est disponible ici :&nbsp;<a target=\"_blank\" href=\"https:\/\/automattic.com\/privacy\/\" rel=\"noreferrer noopener\">https:\/\/automattic.com\/privacy\/<\/a>. Une fois votre commentaire approuv\u00e9, votre photo de profil sera visible publiquement \u00e0 c\u00f4t\u00e9 de votre commentaire.<\/p>\n\n\n\n<p><strong>Collecte d'informations personnelles<\/strong><br>Nous pouvons recueillir des informations personnelles vous concernant lorsque vous interagissez avec notre site, telles que votre nom, votre adresse \u00e9lectronique, votre num\u00e9ro de t\u00e9l\u00e9phone et toute autre information que vous nous fournissez. Nous ne collecterons que les informations personnelles n\u00e9cessaires aux fins identifi\u00e9es dans la pr\u00e9sente politique et nous obtiendrons votre consentement lorsque la loi l'exige.<\/p>\n\n\n\n<p><strong>Les m\u00e9dias<\/strong><br><strong>Note<\/strong>: Si vous t\u00e9l\u00e9chargez des images sur notre site web, il est recommand\u00e9 d'\u00e9viter de les t\u00e9l\u00e9charger avec des donn\u00e9es de localisation int\u00e9gr\u00e9es (EXIF GPS). Les utilisateurs du site web peuvent t\u00e9l\u00e9charger et extraire les informations de localisation de toutes les images partag\u00e9es ici.<\/p>\n\n\n\n<p><strong>Cookies<\/strong><br><strong>Note<\/strong>: Si vous publiez un commentaire sur notre site, vous pouvez choisir d'enregistrer votre nom, votre adresse \u00e9lectronique et votre site web dans des cookies. Cela vous permet de ne pas avoir \u00e0 saisir \u00e0 nouveau vos coordonn\u00e9es lorsque vous laissez un autre commentaire. La dur\u00e9e de conservation de ces cookies est d'un an.<\/p>\n\n\n\n<p>Si vous acc\u00e9dez \u00e0 notre page de connexion, nous placerons un cookie temporaire pour v\u00e9rifier si votre navigateur accepte les cookies. Ce cookie ne contient aucune information personnelle et sera effac\u00e9 d\u00e8s que vous fermerez votre navigateur.<\/p>\n\n\n\n<p>Lorsque vous vous connectez, nous cr\u00e9ons \u00e9galement plusieurs cookies pour m\u00e9moriser vos donn\u00e9es de connexion et vos pr\u00e9f\u00e9rences d'affichage. Les cookies de connexion persistent pendant deux jours, tandis que les cookies pour les pr\u00e9f\u00e9rences d'affichage durent un an. Si vous optez pour la fonction \"Se souvenir de moi\", votre connexion restera active pendant deux semaines. Si vous vous d\u00e9connectez, les cookies de connexion seront supprim\u00e9s.<\/p>\n\n\n\n<p>Si vous modifiez ou publiez un article, un autre cookie sera stock\u00e9 dans votre navigateur. Ce cookie ne contient pas de donn\u00e9es personnelles et indique simplement l'identifiant de l'article que vous venez de modifier. Il expirera au bout d'un jour.<\/p>\n\n\n\n<p><strong>Contenu int\u00e9gr\u00e9 d'autres sites<\/strong><br><strong>Note<\/strong>: Les articles h\u00e9berg\u00e9s sur ce site peuvent int\u00e9grer du contenu (par exemple, des vid\u00e9os, des images, des articles). Ce contenu int\u00e9gr\u00e9 fonctionne exactement comme si le visiteur acc\u00e9dait directement au site externe.<\/p>\n\n\n\n<p>Ces sites externes peuvent collecter des informations vous concernant, utiliser des cookies, incorporer un suivi suppl\u00e9mentaire par des tiers et surveiller vos interactions avec ce contenu int\u00e9gr\u00e9, y compris le suivi de vos interactions si vous avez un compte et que vous \u00eates connect\u00e9 \u00e0 ce site.<\/p>\n\n\n\n<p><strong>Utilisation des informations personnelles<\/strong><br>Nous pouvons utiliser les informations personnelles que nous recueillons aupr\u00e8s de vous aux fins suivantes :<\/p>\n\n\n\n<ul class=\"wp-block-list\">\n<li>Pour r\u00e9pondre \u00e0 vos demandes et fournir une assistance \u00e0 la client\u00e8le<\/li>\n\n\n\n<li>Am\u00e9liorer notre site web et nos services<\/li>\n\n\n\n<li>pour envoyer des bulletins d'information p\u00e9riodiques ou du mat\u00e9riel promotionnel (si vous avez choisi de les recevoir)<\/li>\n\n\n\n<li>Respecter les obligations l\u00e9gales et appliquer nos conditions et politiques<\/li>\n<\/ul>\n\n\n\n<p><strong>Partage des donn\u00e9es<\/strong><br><strong>Note<\/strong>: Si vous demandez une r\u00e9initialisation de votre mot de passe, votre adresse IP sera incluse dans l'e-mail de r\u00e9initialisation.<\/p>\n\n\n\n<p>Nous ne vendons pas vos informations personnelles \u00e0 des tiers. Toutefois, nous pouvons partager vos informations avec des prestataires de services de confiance pour nous aider \u00e0 exploiter notre site web, \u00e0 mener nos activit\u00e9s ou \u00e0 vous fournir des services, \u00e0 condition que ces parties acceptent de garder ces informations confidentielles.<\/p>\n\n\n\n<p><strong>Conservation des donn\u00e9es<\/strong><br><strong>Note<\/strong>: Lorsque vous laissez un commentaire, le commentaire et ses m\u00e9tadonn\u00e9es sont conserv\u00e9s ind\u00e9finiment. Cela nous permet de reconna\u00eetre et d'approuver automatiquement les commentaires ult\u00e9rieurs au lieu de les mettre en attente de mod\u00e9ration.<\/p>\n\n\n\n<p>Pour les utilisateurs qui s'inscrivent sur notre site (le cas \u00e9ch\u00e9ant), nous conservons \u00e9galement les informations personnelles fournies dans leur profil d'utilisateur. Tous les utilisateurs peuvent consulter, modifier ou supprimer leurs donn\u00e9es personnelles \u00e0 tout moment (\u00e0 l'exception des changements de nom d'utilisateur). Les administrateurs du site web peuvent \u00e9galement acc\u00e9der \u00e0 ces informations et les modifier. Les informations personnelles ne seront conserv\u00e9es que le temps n\u00e9cessaire aux fins pour lesquelles elles ont \u00e9t\u00e9 collect\u00e9es ou comme l'exige la loi.<\/p>\n\n\n\n<p><strong>Vos droits en mati\u00e8re de donn\u00e9es<\/strong><br><strong>Note<\/strong>: Si vous avez un compte sur ce site ou si vous avez soumis des commentaires, vous pouvez demander un fichier d'exportation des donn\u00e9es personnelles que nous d\u00e9tenons \u00e0 votre sujet, y compris toute information que vous avez partag\u00e9e avec nous. En outre, vous pouvez nous demander de supprimer toutes les donn\u00e9es personnelles que nous d\u00e9tenons sur vous. Cela exclut les donn\u00e9es que nous sommes l\u00e9galement tenus de conserver pour des raisons administratives, juridiques ou de s\u00e9curit\u00e9.<\/p>\n\n\n\n<p>Vous avez le droit de retirer votre consentement \u00e0 l'utilisation de vos informations personnelles \u00e0 tout moment, sous r\u00e9serve de restrictions l\u00e9gales ou contractuelles. Pour ce faire, vous pouvez nous contacter \u00e0 l'adresse \u00e9lectronique indiqu\u00e9e dans la pr\u00e9sente politique.<\/p>\n\n\n\n<p><strong>Comment nous prot\u00e9geons vos informations<\/strong><br>Nous mettons en \u0153uvre une s\u00e9rie de mesures de s\u00e9curit\u00e9 pour pr\u00e9server la s\u00e9curit\u00e9 de vos informations personnelles lorsque vous passez une commande, soumettez ou acc\u00e9dez \u00e0 vos informations personnelles. Ces mesures de s\u00e9curit\u00e9 comprennent, entre autres, le cryptage, les pare-feu et l'h\u00e9bergement de serveurs s\u00e9curis\u00e9s.<\/p>\n\n\n\n<p><strong>O\u00f9 sont envoy\u00e9es vos donn\u00e9es<\/strong><br>Les commentaires des visiteurs peuvent \u00eatre analys\u00e9s par un service automatis\u00e9 de d\u00e9tection des spams. Ce service peut \u00e9galement traiter les informations que vous fournissez lorsque vous publiez des commentaires sur notre site.<\/p>\n\n\n\n<p><strong>Modifications de notre politique de confidentialit\u00e9<\/strong><br>Nous pouvons mettre \u00e0 jour cette politique de confidentialit\u00e9 de temps \u00e0 autre pour refl\u00e9ter des changements dans nos pratiques ou pour d'autres raisons op\u00e9rationnelles, juridiques ou r\u00e9glementaires. Nous vous informerons des changements importants dans la mani\u00e8re dont nous traitons les informations personnelles en envoyant un avis \u00e0 l'adresse \u00e9lectronique principale sp\u00e9cifi\u00e9e dans votre compte ou en pla\u00e7ant un avis bien visible sur notre site.<\/p>\n\n\n\n<p><strong>Nous contacter<\/strong><br>Si vous avez des questions ou des pr\u00e9occupations concernant cette politique de confidentialit\u00e9, les pratiques de ce site ou vos relations avec ce site, veuillez vous adresser \u00e0 <a href=\"https:\/\/ericroy.ca\/fr\/contactez-nous\/\" data-type=\"page\" data-id=\"98\">contactez-nous ici<\/a>.<\/p>","protected":false},"excerpt":{"rendered":"<p>About UsOur website can be found at:&nbsp;https:\/\/ericroy.ca. Privacy Policy OverviewAt Eric Roy, we are dedicated to protecting your privacy and ensuring that your personal information is handled in a transparent and secure manner. This privacy policy outlines how we collect, use, disclose, and safeguard your information in compliance with Canadian privacy laws, including the Personal [&hellip;]<\/p>","protected":false},"author":49,"featured_media":0,"parent":0,"menu_order":0,"comment_status":"closed","ping_status":"closed","template":"","meta":{"footnotes":""},"class_list":["post-4951","page","type-page","status-publish","hentry"],"_links":{"self":[{"href":"https:\/\/ericroy.ca\/fr\/wp-json\/wp\/v2\/pages\/4951","targetHints":{"allow":["GET"]}}],"collection":[{"href":"https:\/\/ericroy.ca\/fr\/wp-json\/wp\/v2\/pages"}],"about":[{"href":"https:\/\/ericroy.ca\/fr\/wp-json\/wp\/v2\/types\/page"}],"author":[{"embeddable":true,"href":"https:\/\/ericroy.ca\/fr\/wp-json\/wp\/v2\/users\/49"}],"replies":[{"embeddable":true,"href":"https:\/\/ericroy.ca\/fr\/wp-json\/wp\/v2\/comments?post=4951"}],"version-history":[{"count":0,"href":"https:\/\/ericroy.ca\/fr\/wp-json\/wp\/v2\/pages\/4951\/revisions"}],"wp:attachment":[{"href":"https:\/\/ericroy.ca\/fr\/wp-json\/wp\/v2\/media?parent=4951"}],"curies":[{"name":"wp","href":"https:\/\/api.w.org\/{rel}","templated":true}]}}