{"id":107,"date":"2024-04-02T20:50:48","date_gmt":"2024-04-02T20:50:48","guid":{"rendered":"http:\/\/ericroy.ca\/?page_id=107"},"modified":"2024-07-10T02:43:45","modified_gmt":"2024-07-10T02:43:45","slug":"autres-assurances","status":"publish","type":"page","link":"https:\/\/ericroy.ca\/fr\/autres-assurances\/","title":{"rendered":"Autres assurances"},"content":{"rendered":"<div data-elementor-type=\"wp-page\" data-elementor-id=\"107\" class=\"elementor elementor-107\" data-elementor-post-type=\"page\">\n\t\t\t\t<div class=\"elementor-element elementor-element-2d0f53d e-flex e-con-boxed e-con e-parent\" data-id=\"2d0f53d\" data-element_type=\"container\" data-e-type=\"container\">\n\t\t\t\t\t<div class=\"e-con-inner\">\n\t\t\t\t<div class=\"elementor-element elementor-element-d9e1402 elementor-invisible elementor-widget elementor-widget-heading\" data-id=\"d9e1402\" data-element_type=\"widget\" data-e-type=\"widget\" data-settings=\"{&quot;_animation&quot;:&quot;fadeInDown&quot;,&quot;ekit_we_effect_on&quot;:&quot;none&quot;}\" data-widget_type=\"heading.default\">\n\t\t\t\t<div class=\"elementor-widget-container\">\n\t\t\t\t\t<h1 class=\"elementor-heading-title elementor-size-default\">Groupe, voyages et hypoth\u00e8ques<br> Assurance<\/h1>\t\t\t\t<\/div>\n\t\t\t\t<\/div>\n\t\t\t\t\t<\/div>\n\t\t\t\t<\/div>\n\t\t\t\t<section class=\"elementor-section elementor-top-section elementor-element elementor-element-f73a0ae elementor-section-content-space-evenly elementor-section-boxed elementor-section-height-default elementor-section-height-default\" data-id=\"f73a0ae\" data-element_type=\"section\" data-e-type=\"section\" data-settings=\"{&quot;background_background&quot;:&quot;gradient&quot;}\">\n\t\t\t\t\t\t\t<div class=\"elementor-background-overlay\"><\/div>\n\t\t\t\t\t\t\t<div class=\"elementor-container elementor-column-gap-default\">\n\t\t\t\t\t<div class=\"elementor-column elementor-col-50 elementor-top-column elementor-element elementor-element-a10efbe\" data-id=\"a10efbe\" data-element_type=\"column\" data-e-type=\"column\">\n\t\t\t<div class=\"elementor-widget-wrap elementor-element-populated\">\n\t\t\t\t\t\t<div class=\"elementor-element elementor-element-8d5b73b elementor-widget__width-initial elementor-absolute elementor-invisible elementor-widget elementor-widget-image\" data-id=\"8d5b73b\" data-element_type=\"widget\" data-e-type=\"widget\" data-settings=\"{&quot;_animation&quot;:&quot;fadeInRight&quot;,&quot;_position&quot;:&quot;absolute&quot;,&quot;motion_fx_motion_fx_scrolling&quot;:&quot;yes&quot;,&quot;motion_fx_translateX_effect&quot;:&quot;yes&quot;,&quot;ekit_we_effect_on&quot;:&quot;none&quot;,&quot;motion_fx_translateX_speed&quot;:{&quot;unit&quot;:&quot;px&quot;,&quot;size&quot;:4,&quot;sizes&quot;:[]},&quot;motion_fx_translateX_affectedRange&quot;:{&quot;unit&quot;:&quot;%&quot;,&quot;size&quot;:&quot;&quot;,&quot;sizes&quot;:{&quot;start&quot;:0,&quot;end&quot;:100}},&quot;motion_fx_devices&quot;:[&quot;desktop&quot;,&quot;tablet&quot;,&quot;mobile&quot;]}\" data-widget_type=\"image.default\">\n\t\t\t\t<div class=\"elementor-widget-container\">\n\t\t\t\t\t\t\t\t\t\t\t\t\t\t\t<img decoding=\"async\" width=\"132\" height=\"192\" data-src=\"https:\/\/ericroy.ca\/wp-content\/uploads\/2024\/05\/dots.png\" class=\"attachment-large size-large wp-image-545 lazyload\" alt=\"\" src=\"data:image\/svg+xml;base64,PHN2ZyB3aWR0aD0iMSIgaGVpZ2h0PSIxIiB4bWxucz0iaHR0cDovL3d3dy53My5vcmcvMjAwMC9zdmciPjwvc3ZnPg==\" style=\"--smush-placeholder-width: 132px; --smush-placeholder-aspect-ratio: 132\/192;\" \/>\t\t\t\t\t\t\t\t\t\t\t\t\t\t\t<\/div>\n\t\t\t\t<\/div>\n\t\t\t\t<div class=\"elementor-element elementor-element-576d1ef elementor-invisible elementor-widget elementor-widget-image\" data-id=\"576d1ef\" data-element_type=\"widget\" data-e-type=\"widget\" data-settings=\"{&quot;_animation&quot;:&quot;fadeInRight&quot;,&quot;ekit_we_effect_on&quot;:&quot;none&quot;}\" data-widget_type=\"image.default\">\n\t\t\t\t<div class=\"elementor-widget-container\">\n\t\t\t\t\t\t\t\t\t\t\t\t\t\t\t<img fetchpriority=\"high\" decoding=\"async\" width=\"1000\" height=\"1000\" src=\"https:\/\/ericroy.ca\/wp-content\/uploads\/2024\/07\/Group-Insurance.jpg\" class=\"attachment-full size-full wp-image-1384\" alt=\"\" srcset=\"https:\/\/ericroy.ca\/wp-content\/uploads\/2024\/07\/Group-Insurance.jpg 1000w, https:\/\/ericroy.ca\/wp-content\/uploads\/2024\/07\/Group-Insurance-300x300.jpg 300w, https:\/\/ericroy.ca\/wp-content\/uploads\/2024\/07\/Group-Insurance-150x150.jpg 150w, https:\/\/ericroy.ca\/wp-content\/uploads\/2024\/07\/Group-Insurance-768x768.jpg 768w\" sizes=\"(max-width: 1000px) 100vw, 1000px\" \/>\t\t\t\t\t\t\t\t\t\t\t\t\t\t\t<\/div>\n\t\t\t\t<\/div>\n\t\t\t\t\t<\/div>\n\t\t<\/div>\n\t\t\t\t<div class=\"elementor-column elementor-col-50 elementor-top-column elementor-element elementor-element-271cfa7\" data-id=\"271cfa7\" data-element_type=\"column\" data-e-type=\"column\">\n\t\t\t<div class=\"elementor-widget-wrap elementor-element-populated\">\n\t\t\t\t\t\t<div class=\"elementor-element elementor-element-c7f5495 elementor-invisible elementor-widget elementor-widget-heading\" data-id=\"c7f5495\" data-element_type=\"widget\" data-e-type=\"widget\" data-settings=\"{&quot;_animation&quot;:&quot;fadeInDown&quot;,&quot;ekit_we_effect_on&quot;:&quot;none&quot;}\" data-widget_type=\"heading.default\">\n\t\t\t\t<div class=\"elementor-widget-container\">\n\t\t\t\t\t<h2 class=\"elementor-heading-title elementor-size-default\">Assurance collective<\/h2>\t\t\t\t<\/div>\n\t\t\t\t<\/div>\n\t\t\t\t<div class=\"elementor-element elementor-element-82cbdcc elementor-invisible elementor-widget elementor-widget-text-editor\" data-id=\"82cbdcc\" data-element_type=\"widget\" data-e-type=\"widget\" data-settings=\"{&quot;_animation&quot;:&quot;fadeInUp&quot;,&quot;ekit_we_effect_on&quot;:&quot;none&quot;}\" data-widget_type=\"text-editor.default\">\n\t\t\t\t<div class=\"elementor-widget-container\">\n\t\t\t\t\t\t\t\t\t<p>Nous proposons des r\u00e9gimes d'assurance collective complets aux entreprises de trois salari\u00e9s ou plus. Am\u00e9liorez les avantages sociaux de vos employ\u00e9s pour rester comp\u00e9titif et attirer les meilleurs talents. Nos r\u00e9gimes personnalisables comprennent l'assurance maladie, l'assurance dentaire, l'assurance vision, l'assurance vie et l'assurance invalidit\u00e9, garantissant ainsi \u00e0 vos employ\u00e9s la couverture essentielle dont ils ont besoin.<\/p><p><strong>Pourquoi une assurance de groupe ?<\/strong><\/p><ul><li><strong>Couverture compl\u00e8te :<\/strong> Assurance maladie, dentaire, vision, vie et invalidit\u00e9.<\/li><li><strong>Personnalisation :<\/strong> Des plans sur mesure pour r\u00e9pondre \u00e0 vos besoins sp\u00e9cifiques.<\/li><li><strong>Avantage concurrentiel :<\/strong> Am\u00e9liorer la satisfaction au travail et attirer les meilleurs talents.<\/li><li><strong>Soutien exceptionnel :<\/strong> Assistance d\u00e9di\u00e9e, de la mise en place \u00e0 la gestion courante.<\/li><li><strong>Rentabilit\u00e9 :<\/strong> Plus de couverture \u00e0 moindre co\u00fbt gr\u00e2ce \u00e0 la mise en commun des ressources.<\/li><\/ul><p>Investissez dans le bien-\u00eatre de vos employ\u00e9s et dans l'avenir de votre entreprise. Contactez-nous pour en savoir plus sur nos r\u00e9gimes d'assurance collective et sur les avantages qu'ils peuvent procurer \u00e0 votre entreprise. Notre \u00e9quipe travaillera avec vous pour cr\u00e9er un r\u00e9gime qui r\u00e9pond \u00e0 vos besoins. Prenez contact avec nous d\u00e8s aujourd'hui !<\/p>\t\t\t\t\t\t\t\t<\/div>\n\t\t\t\t<\/div>\n\t\t\t\t<div class=\"elementor-element elementor-element-42c5840 elementor-mobile-align-center elementor-align-center elementor-invisible elementor-widget elementor-widget-button\" data-id=\"42c5840\" data-element_type=\"widget\" data-e-type=\"widget\" data-settings=\"{&quot;_animation&quot;:&quot;fadeInUp&quot;,&quot;ekit_we_effect_on&quot;:&quot;none&quot;}\" data-widget_type=\"button.default\">\n\t\t\t\t<div class=\"elementor-widget-container\">\n\t\t\t\t\t\t\t\t\t<div class=\"elementor-button-wrapper\">\n\t\t\t\t\t<a class=\"elementor-button elementor-button-link elementor-size-md elementor-animation-float\" href=\"\/fr\/contactez-nous\/\">\n\t\t\t\t\t\t<span class=\"elementor-button-content-wrapper\">\n\t\t\t\t\t\t\t\t\t<span class=\"elementor-button-text\">Nous contacter<\/span>\n\t\t\t\t\t<\/span>\n\t\t\t\t\t<\/a>\n\t\t\t\t<\/div>\n\t\t\t\t\t\t\t\t<\/div>\n\t\t\t\t<\/div>\n\t\t\t\t\t<\/div>\n\t\t<\/div>\n\t\t\t\t\t<\/div>\n\t\t<\/section>\n\t\t\t\t<section class=\"elementor-section elementor-top-section elementor-element elementor-element-739d9c3 elementor-section-content-space-evenly elementor-reverse-mobile elementor-section-boxed elementor-section-height-default elementor-section-height-default\" data-id=\"739d9c3\" data-element_type=\"section\" data-e-type=\"section\" data-settings=\"{&quot;background_background&quot;:&quot;gradient&quot;}\">\n\t\t\t\t\t\t\t<div class=\"elementor-background-overlay\"><\/div>\n\t\t\t\t\t\t\t<div class=\"elementor-container elementor-column-gap-default\">\n\t\t\t\t\t<div class=\"elementor-column elementor-col-50 elementor-top-column elementor-element elementor-element-b2f7e03\" data-id=\"b2f7e03\" data-element_type=\"column\" data-e-type=\"column\">\n\t\t\t<div class=\"elementor-widget-wrap elementor-element-populated\">\n\t\t\t\t\t\t<div class=\"elementor-element elementor-element-e27d53c elementor-invisible elementor-widget elementor-widget-heading\" data-id=\"e27d53c\" data-element_type=\"widget\" data-e-type=\"widget\" data-settings=\"{&quot;_animation&quot;:&quot;fadeInDown&quot;,&quot;ekit_we_effect_on&quot;:&quot;none&quot;}\" data-widget_type=\"heading.default\">\n\t\t\t\t<div class=\"elementor-widget-container\">\n\t\t\t\t\t<h2 class=\"elementor-heading-title elementor-size-default\">Assurance voyage<\/h2>\t\t\t\t<\/div>\n\t\t\t\t<\/div>\n\t\t\t\t<div class=\"elementor-element elementor-element-a69287e elementor-invisible elementor-widget elementor-widget-text-editor\" data-id=\"a69287e\" data-element_type=\"widget\" data-e-type=\"widget\" data-settings=\"{&quot;_animation&quot;:&quot;fadeInUp&quot;,&quot;ekit_we_effect_on&quot;:&quot;none&quot;}\" data-widget_type=\"text-editor.default\">\n\t\t\t\t<div class=\"elementor-widget-container\">\n\t\t\t\t\t\t\t\t\t<p>Nous proposons des r\u00e9gimes d'assurance voyage complets, adapt\u00e9s aux individus et aux familles. Prot\u00e9gez vos projets de voyage et voyagez l'esprit tranquille. Nos r\u00e9gimes personnalisables offrent une couverture pour les urgences m\u00e9dicales, les annulations de voyage, la perte de bagages et plus encore, vous assurant une protection essentielle, peu importe o\u00f9 vos aventures vous m\u00e8nent.<\/p><ul><li><strong>Couverture \u00e9tendue :<\/strong> Prot\u00e8ge contre les urgences m\u00e9dicales, les annulations de voyage, les pertes de bagages et autres \u00e9v\u00e9nements impr\u00e9vus.<\/li><li><strong>Des plans sur mesure :<\/strong> Personnalisez votre couverture pour r\u00e9pondre \u00e0 vos besoins uniques en mati\u00e8re de voyage.<\/li><li><strong>Voyagez en toute confiance :<\/strong> L'assurance d'\u00eatre prot\u00e9g\u00e9 tout au long de votre voyage.<\/li><li><strong>Soutien permanent :<\/strong> Assistance et soutien 24 heures sur 24, 7 jours sur 7, \u00e0 tout moment et en tout lieu.<\/li><li><strong>Des solutions abordables :<\/strong> Des plans rentables qui offrent une protection compl\u00e8te.<\/li><\/ul><p><strong>Embarquer en toute confiance<\/strong><\/p><p>S\u00e9curisez votre investissement voyage et partez en voyage en toute confiance. Contactez-nous pour en savoir plus sur nos plans d'assurance voyage et les avantages qu'ils offrent.\u00a0<\/p><p><b>*Nous proposons une assurance voyage par l'interm\u00e9diaire de nos partenaires.<\/b><\/p>\t\t\t\t\t\t\t\t<\/div>\n\t\t\t\t<\/div>\n\t\t\t\t<div class=\"elementor-element elementor-element-beb53bf elementor-mobile-align-center elementor-align-center elementor-invisible elementor-widget elementor-widget-button\" data-id=\"beb53bf\" data-element_type=\"widget\" data-e-type=\"widget\" data-settings=\"{&quot;_animation&quot;:&quot;fadeInUp&quot;,&quot;ekit_we_effect_on&quot;:&quot;none&quot;}\" data-widget_type=\"button.default\">\n\t\t\t\t<div class=\"elementor-widget-container\">\n\t\t\t\t\t\t\t\t\t<div class=\"elementor-button-wrapper\">\n\t\t\t\t\t<a class=\"elementor-button elementor-button-link elementor-size-md elementor-animation-float\" href=\"https:\/\/shop.tugo.com\/store\/ROY407\">\n\t\t\t\t\t\t<span class=\"elementor-button-content-wrapper\">\n\t\t\t\t\t\t\t\t\t<span class=\"elementor-button-text\">Cliquez ICI pour demander une assurance voyage MAINTENANT !<\/span>\n\t\t\t\t\t<\/span>\n\t\t\t\t\t<\/a>\n\t\t\t\t<\/div>\n\t\t\t\t\t\t\t\t<\/div>\n\t\t\t\t<\/div>\n\t\t\t\t\t<\/div>\n\t\t<\/div>\n\t\t\t\t<div class=\"elementor-column elementor-col-50 elementor-top-column elementor-element elementor-element-1d03905\" data-id=\"1d03905\" data-element_type=\"column\" data-e-type=\"column\">\n\t\t\t<div class=\"elementor-widget-wrap elementor-element-populated\">\n\t\t\t\t\t\t<div class=\"elementor-element elementor-element-43699b7 elementor-widget__width-initial elementor-absolute elementor-invisible elementor-widget elementor-widget-image\" data-id=\"43699b7\" data-element_type=\"widget\" data-e-type=\"widget\" data-settings=\"{&quot;_animation&quot;:&quot;fadeInRight&quot;,&quot;_position&quot;:&quot;absolute&quot;,&quot;motion_fx_motion_fx_scrolling&quot;:&quot;yes&quot;,&quot;motion_fx_translateY_effect&quot;:&quot;yes&quot;,&quot;motion_fx_translateY_direction&quot;:&quot;negative&quot;,&quot;ekit_we_effect_on&quot;:&quot;none&quot;,&quot;motion_fx_translateY_speed&quot;:{&quot;unit&quot;:&quot;px&quot;,&quot;size&quot;:4,&quot;sizes&quot;:[]},&quot;motion_fx_translateY_affectedRange&quot;:{&quot;unit&quot;:&quot;%&quot;,&quot;size&quot;:&quot;&quot;,&quot;sizes&quot;:{&quot;start&quot;:0,&quot;end&quot;:100}},&quot;motion_fx_devices&quot;:[&quot;desktop&quot;,&quot;tablet&quot;,&quot;mobile&quot;]}\" data-widget_type=\"image.default\">\n\t\t\t\t<div class=\"elementor-widget-container\">\n\t\t\t\t\t\t\t\t\t\t\t\t\t\t\t<img decoding=\"async\" width=\"136\" height=\"136\" data-src=\"https:\/\/ericroy.ca\/wp-content\/uploads\/2024\/05\/icon-circle.png\" class=\"attachment-large size-large wp-image-551 lazyload\" alt=\"\" src=\"data:image\/svg+xml;base64,PHN2ZyB3aWR0aD0iMSIgaGVpZ2h0PSIxIiB4bWxucz0iaHR0cDovL3d3dy53My5vcmcvMjAwMC9zdmciPjwvc3ZnPg==\" style=\"--smush-placeholder-width: 136px; --smush-placeholder-aspect-ratio: 136\/136;\" \/>\t\t\t\t\t\t\t\t\t\t\t\t\t\t\t<\/div>\n\t\t\t\t<\/div>\n\t\t\t\t<div class=\"elementor-element elementor-element-b0292f6 elementor-invisible elementor-widget elementor-widget-image\" data-id=\"b0292f6\" data-element_type=\"widget\" data-e-type=\"widget\" data-settings=\"{&quot;_animation&quot;:&quot;fadeInRight&quot;,&quot;ekit_we_effect_on&quot;:&quot;none&quot;}\" data-widget_type=\"image.default\">\n\t\t\t\t<div class=\"elementor-widget-container\">\n\t\t\t\t\t\t\t\t\t\t\t\t\t\t\t<img decoding=\"async\" width=\"1000\" height=\"1000\" data-src=\"https:\/\/ericroy.ca\/wp-content\/uploads\/2024\/07\/Travel-Insurance.jpg\" class=\"attachment-full size-full wp-image-1385 lazyload\" alt=\"\" data-srcset=\"https:\/\/ericroy.ca\/wp-content\/uploads\/2024\/07\/Travel-Insurance.jpg 1000w, https:\/\/ericroy.ca\/wp-content\/uploads\/2024\/07\/Travel-Insurance-300x300.jpg 300w, https:\/\/ericroy.ca\/wp-content\/uploads\/2024\/07\/Travel-Insurance-150x150.jpg 150w, https:\/\/ericroy.ca\/wp-content\/uploads\/2024\/07\/Travel-Insurance-768x768.jpg 768w\" data-sizes=\"auto\" src=\"data:image\/svg+xml;base64,PHN2ZyB3aWR0aD0iMSIgaGVpZ2h0PSIxIiB4bWxucz0iaHR0cDovL3d3dy53My5vcmcvMjAwMC9zdmciPjwvc3ZnPg==\" style=\"--smush-placeholder-width: 1000px; --smush-placeholder-aspect-ratio: 1000\/1000;\" data-original-sizes=\"(max-width: 1000px) 100vw, 1000px\" \/>\t\t\t\t\t\t\t\t\t\t\t\t\t\t\t<\/div>\n\t\t\t\t<\/div>\n\t\t\t\t\t<\/div>\n\t\t<\/div>\n\t\t\t\t\t<\/div>\n\t\t<\/section>\n\t\t\t\t<section class=\"elementor-section elementor-top-section elementor-element elementor-element-01c3bb6 elementor-section-content-space-evenly elementor-section-boxed elementor-section-height-default elementor-section-height-default\" data-id=\"01c3bb6\" data-element_type=\"section\" data-e-type=\"section\" data-settings=\"{&quot;background_background&quot;:&quot;gradient&quot;}\">\n\t\t\t\t\t\t\t<div class=\"elementor-background-overlay\"><\/div>\n\t\t\t\t\t\t\t<div class=\"elementor-container elementor-column-gap-default\">\n\t\t\t\t\t<div class=\"elementor-column elementor-col-50 elementor-top-column elementor-element elementor-element-b27287a\" data-id=\"b27287a\" data-element_type=\"column\" data-e-type=\"column\">\n\t\t\t<div class=\"elementor-widget-wrap elementor-element-populated\">\n\t\t\t\t\t\t<div class=\"elementor-element elementor-element-3a7b7d1 elementor-widget__width-initial elementor-absolute elementor-invisible elementor-widget elementor-widget-image\" data-id=\"3a7b7d1\" data-element_type=\"widget\" data-e-type=\"widget\" data-settings=\"{&quot;_animation&quot;:&quot;fadeInRight&quot;,&quot;_position&quot;:&quot;absolute&quot;,&quot;motion_fx_motion_fx_scrolling&quot;:&quot;yes&quot;,&quot;motion_fx_translateX_effect&quot;:&quot;yes&quot;,&quot;ekit_we_effect_on&quot;:&quot;none&quot;,&quot;motion_fx_translateX_speed&quot;:{&quot;unit&quot;:&quot;px&quot;,&quot;size&quot;:4,&quot;sizes&quot;:[]},&quot;motion_fx_translateX_affectedRange&quot;:{&quot;unit&quot;:&quot;%&quot;,&quot;size&quot;:&quot;&quot;,&quot;sizes&quot;:{&quot;start&quot;:0,&quot;end&quot;:100}},&quot;motion_fx_devices&quot;:[&quot;desktop&quot;,&quot;tablet&quot;,&quot;mobile&quot;]}\" data-widget_type=\"image.default\">\n\t\t\t\t<div class=\"elementor-widget-container\">\n\t\t\t\t\t\t\t\t\t\t\t\t\t\t\t<img decoding=\"async\" width=\"132\" height=\"192\" data-src=\"https:\/\/ericroy.ca\/wp-content\/uploads\/2024\/05\/dots.png\" class=\"attachment-large size-large wp-image-545 lazyload\" alt=\"\" src=\"data:image\/svg+xml;base64,PHN2ZyB3aWR0aD0iMSIgaGVpZ2h0PSIxIiB4bWxucz0iaHR0cDovL3d3dy53My5vcmcvMjAwMC9zdmciPjwvc3ZnPg==\" style=\"--smush-placeholder-width: 132px; --smush-placeholder-aspect-ratio: 132\/192;\" \/>\t\t\t\t\t\t\t\t\t\t\t\t\t\t\t<\/div>\n\t\t\t\t<\/div>\n\t\t\t\t<div class=\"elementor-element elementor-element-7ade05e elementor-invisible elementor-widget elementor-widget-image\" data-id=\"7ade05e\" data-element_type=\"widget\" data-e-type=\"widget\" data-settings=\"{&quot;_animation&quot;:&quot;fadeInRight&quot;,&quot;ekit_we_effect_on&quot;:&quot;none&quot;}\" data-widget_type=\"image.default\">\n\t\t\t\t<div class=\"elementor-widget-container\">\n\t\t\t\t\t\t\t\t\t\t\t\t\t\t\t<img decoding=\"async\" width=\"1000\" height=\"1000\" data-src=\"https:\/\/ericroy.ca\/wp-content\/uploads\/2024\/07\/Mortgage-Insurance.jpg\" class=\"attachment-full size-full wp-image-1386 lazyload\" alt=\"\" data-srcset=\"https:\/\/ericroy.ca\/wp-content\/uploads\/2024\/07\/Mortgage-Insurance.jpg 1000w, https:\/\/ericroy.ca\/wp-content\/uploads\/2024\/07\/Mortgage-Insurance-300x300.jpg 300w, https:\/\/ericroy.ca\/wp-content\/uploads\/2024\/07\/Mortgage-Insurance-150x150.jpg 150w, https:\/\/ericroy.ca\/wp-content\/uploads\/2024\/07\/Mortgage-Insurance-768x768.jpg 768w\" data-sizes=\"auto\" src=\"data:image\/svg+xml;base64,PHN2ZyB3aWR0aD0iMSIgaGVpZ2h0PSIxIiB4bWxucz0iaHR0cDovL3d3dy53My5vcmcvMjAwMC9zdmciPjwvc3ZnPg==\" style=\"--smush-placeholder-width: 1000px; --smush-placeholder-aspect-ratio: 1000\/1000;\" data-original-sizes=\"(max-width: 1000px) 100vw, 1000px\" \/>\t\t\t\t\t\t\t\t\t\t\t\t\t\t\t<\/div>\n\t\t\t\t<\/div>\n\t\t\t\t\t<\/div>\n\t\t<\/div>\n\t\t\t\t<div class=\"elementor-column elementor-col-50 elementor-top-column elementor-element elementor-element-bb7e55f\" data-id=\"bb7e55f\" data-element_type=\"column\" data-e-type=\"column\">\n\t\t\t<div class=\"elementor-widget-wrap elementor-element-populated\">\n\t\t\t\t\t\t<div class=\"elementor-element elementor-element-7d8ab77 elementor-invisible elementor-widget elementor-widget-heading\" data-id=\"7d8ab77\" data-element_type=\"widget\" data-e-type=\"widget\" data-settings=\"{&quot;_animation&quot;:&quot;fadeInDown&quot;,&quot;ekit_we_effect_on&quot;:&quot;none&quot;}\" data-widget_type=\"heading.default\">\n\t\t\t\t<div class=\"elementor-widget-container\">\n\t\t\t\t\t<h2 class=\"elementor-heading-title elementor-size-default\">Assurance hypoth\u00e9caire<\/h2>\t\t\t\t<\/div>\n\t\t\t\t<\/div>\n\t\t\t\t<div class=\"elementor-element elementor-element-70b6676 elementor-invisible elementor-widget elementor-widget-text-editor\" data-id=\"70b6676\" data-element_type=\"widget\" data-e-type=\"widget\" data-settings=\"{&quot;_animation&quot;:&quot;fadeInUp&quot;,&quot;ekit_we_effect_on&quot;:&quot;none&quot;}\" data-widget_type=\"text-editor.default\">\n\t\t\t\t<div class=\"elementor-widget-container\">\n\t\t\t\t\t\t\t\t\t<p>Si vous cherchez une alternative \u00e0 l'assurance hypoth\u00e9caire propos\u00e9e par les institutions financi\u00e8res, nous pouvons vous aider. Nous proposons des plans d'assurance hypoth\u00e9caire complets, con\u00e7us pour prot\u00e9ger votre logement et votre avenir financier.<\/p><ul><li><strong>Couverture compl\u00e8te :<\/strong> Prot\u00e8ge contre les risques de d\u00e9c\u00e8s, d'invalidit\u00e9 et de maladie grave.<\/li><li><strong>Plans personnalisables :<\/strong> Adapt\u00e9 \u00e0 vos besoins sp\u00e9cifiques.<\/li><li><strong>S\u00e9curit\u00e9 familiale :<\/strong> Permet \u00e0 vos proches de rester chez eux.<\/li><li><strong>Soutien d'un expert :<\/strong> Conseils et assistance tout au long du processus.<\/li><li><strong>Ligne de cr\u00e9dit hypoth\u00e9caire :<\/strong> Options personnelles et professionnelles disponibles aupr\u00e8s de notre partenaire, Manulife One.<\/li><\/ul><p>\u00a0<\/p><p><strong>Commencez d\u00e8s aujourd'hui<\/strong><\/p><p>Contactez-nous pour examiner votre dossier et voir comment nos plans d'assurance hypoth\u00e9caire peuvent vous \u00eatre utiles. Laissez-nous vous aider \u00e0 s\u00e9curiser votre maison et \u00e0 avoir l'esprit tranquille. <strong>Les marges de cr\u00e9dit hypoth\u00e9caire sont disponibles aupr\u00e8s de notre partenaire commercial, Manulife One.<\/strong>\u00a0<\/p>\t\t\t\t\t\t\t\t<\/div>\n\t\t\t\t<\/div>\n\t\t\t\t<div class=\"elementor-element elementor-element-6b1a1ec elementor-mobile-align-center elementor-align-center elementor-invisible elementor-widget elementor-widget-button\" data-id=\"6b1a1ec\" data-element_type=\"widget\" data-e-type=\"widget\" data-settings=\"{&quot;_animation&quot;:&quot;fadeInUp&quot;,&quot;ekit_we_effect_on&quot;:&quot;none&quot;}\" data-widget_type=\"button.default\">\n\t\t\t\t<div class=\"elementor-widget-container\">\n\t\t\t\t\t\t\t\t\t<div class=\"elementor-button-wrapper\">\n\t\t\t\t\t<a class=\"elementor-button elementor-button-link elementor-size-md elementor-animation-float\" href=\"\/fr\/contactez-nous\/\">\n\t\t\t\t\t\t<span class=\"elementor-button-content-wrapper\">\n\t\t\t\t\t\t\t\t\t<span class=\"elementor-button-text\">Nous contacter<\/span>\n\t\t\t\t\t<\/span>\n\t\t\t\t\t<\/a>\n\t\t\t\t<\/div>\n\t\t\t\t\t\t\t\t<\/div>\n\t\t\t\t<\/div>\n\t\t\t\t\t<\/div>\n\t\t<\/div>\n\t\t\t\t\t<\/div>\n\t\t<\/section>\n\t\t\t\t<\/div>","protected":false},"excerpt":{"rendered":"<p>Assurance collective, assurance voyage et assurance hypoth\u00e9caire Assurance collective Nous offrons des r\u00e9gimes d'assurance collective complets aux entreprises comptant au moins trois employ\u00e9s. Am\u00e9liorez les avantages sociaux de vos employ\u00e9s afin de rester comp\u00e9titif et d'attirer les meilleurs talents. Nos r\u00e9gimes personnalisables comprennent l'assurance maladie, l'assurance dentaire, l'assurance vision, l'assurance vie et l'assurance invalidit\u00e9, garantissant ainsi \u00e0 vos employ\u00e9s la couverture essentielle dont ils ont besoin. Pourquoi une assurance collective ? [...]<\/p>","protected":false},"author":49,"featured_media":0,"parent":0,"menu_order":0,"comment_status":"closed","ping_status":"closed","template":"","meta":{"footnotes":""},"class_list":["post-107","page","type-page","status-publish","hentry"],"_links":{"self":[{"href":"https:\/\/ericroy.ca\/fr\/wp-json\/wp\/v2\/pages\/107","targetHints":{"allow":["GET"]}}],"collection":[{"href":"https:\/\/ericroy.ca\/fr\/wp-json\/wp\/v2\/pages"}],"about":[{"href":"https:\/\/ericroy.ca\/fr\/wp-json\/wp\/v2\/types\/page"}],"author":[{"embeddable":true,"href":"https:\/\/ericroy.ca\/fr\/wp-json\/wp\/v2\/users\/49"}],"replies":[{"embeddable":true,"href":"https:\/\/ericroy.ca\/fr\/wp-json\/wp\/v2\/comments?post=107"}],"version-history":[{"count":0,"href":"https:\/\/ericroy.ca\/fr\/wp-json\/wp\/v2\/pages\/107\/revisions"}],"wp:attachment":[{"href":"https:\/\/ericroy.ca\/fr\/wp-json\/wp\/v2\/media?parent=107"}],"curies":[{"name":"wp","href":"https:\/\/api.w.org\/{rel}","templated":true}]}}