{"id":100,"date":"2024-04-02T20:42:49","date_gmt":"2024-04-02T20:42:49","guid":{"rendered":"http:\/\/ericroy.ca\/?page_id=100"},"modified":"2024-07-12T01:43:14","modified_gmt":"2024-07-12T01:43:14","slug":"notre-equipe","status":"publish","type":"page","link":"https:\/\/ericroy.ca\/fr\/notre-equipe\/","title":{"rendered":"Notre \u00e9quipe"},"content":{"rendered":"<div data-elementor-type=\"wp-page\" data-elementor-id=\"100\" class=\"elementor elementor-100\" data-elementor-post-type=\"page\">\n\t\t\t\t<div class=\"elementor-element elementor-element-8af57c4 e-flex e-con-boxed e-con e-parent\" data-id=\"8af57c4\" data-element_type=\"container\" data-e-type=\"container\">\n\t\t\t\t\t<div class=\"e-con-inner\">\n\t\t\t\t<div class=\"elementor-element elementor-element-e621b2f elementor-invisible elementor-widget elementor-widget-heading\" data-id=\"e621b2f\" data-element_type=\"widget\" data-e-type=\"widget\" data-settings=\"{&quot;_animation&quot;:&quot;fadeInDown&quot;,&quot;ekit_we_effect_on&quot;:&quot;none&quot;}\" data-widget_type=\"heading.default\">\n\t\t\t\t<div class=\"elementor-widget-container\">\n\t\t\t\t\t<h1 class=\"elementor-heading-title elementor-size-default\">\u00c0 propos<\/h1>\t\t\t\t<\/div>\n\t\t\t\t<\/div>\n\t\t\t\t\t<\/div>\n\t\t\t\t<\/div>\n\t\t\t\t<section class=\"elementor-section elementor-top-section elementor-element elementor-element-c74be1c elementor-section-content-space-evenly elementor-section-boxed elementor-section-height-default elementor-section-height-default\" data-id=\"c74be1c\" data-element_type=\"section\" data-e-type=\"section\" data-settings=\"{&quot;background_background&quot;:&quot;gradient&quot;}\">\n\t\t\t\t\t\t\t<div class=\"elementor-background-overlay\"><\/div>\n\t\t\t\t\t\t\t<div class=\"elementor-container elementor-column-gap-default\">\n\t\t\t\t\t<div class=\"elementor-column elementor-col-50 elementor-top-column elementor-element elementor-element-6c9fded\" data-id=\"6c9fded\" data-element_type=\"column\" data-e-type=\"column\">\n\t\t\t<div class=\"elementor-widget-wrap elementor-element-populated\">\n\t\t\t\t\t\t<div class=\"elementor-element elementor-element-f18c94b elementor-widget__width-initial elementor-absolute elementor-invisible elementor-widget elementor-widget-image\" data-id=\"f18c94b\" data-element_type=\"widget\" data-e-type=\"widget\" data-settings=\"{&quot;_animation&quot;:&quot;fadeInRight&quot;,&quot;_position&quot;:&quot;absolute&quot;,&quot;motion_fx_motion_fx_scrolling&quot;:&quot;yes&quot;,&quot;motion_fx_translateX_effect&quot;:&quot;yes&quot;,&quot;ekit_we_effect_on&quot;:&quot;none&quot;,&quot;motion_fx_translateX_speed&quot;:{&quot;unit&quot;:&quot;px&quot;,&quot;size&quot;:4,&quot;sizes&quot;:[]},&quot;motion_fx_translateX_affectedRange&quot;:{&quot;unit&quot;:&quot;%&quot;,&quot;size&quot;:&quot;&quot;,&quot;sizes&quot;:{&quot;start&quot;:0,&quot;end&quot;:100}},&quot;motion_fx_devices&quot;:[&quot;desktop&quot;,&quot;tablet&quot;,&quot;mobile&quot;]}\" data-widget_type=\"image.default\">\n\t\t\t\t<div class=\"elementor-widget-container\">\n\t\t\t\t\t\t\t\t\t\t\t\t\t\t\t<img decoding=\"async\" width=\"132\" height=\"192\" data-src=\"https:\/\/ericroy.ca\/wp-content\/uploads\/2024\/05\/dots.png\" class=\"attachment-large size-large wp-image-545 lazyload\" alt=\"\" src=\"data:image\/svg+xml;base64,PHN2ZyB3aWR0aD0iMSIgaGVpZ2h0PSIxIiB4bWxucz0iaHR0cDovL3d3dy53My5vcmcvMjAwMC9zdmciPjwvc3ZnPg==\" style=\"--smush-placeholder-width: 132px; --smush-placeholder-aspect-ratio: 132\/192;\" \/>\t\t\t\t\t\t\t\t\t\t\t\t\t\t\t<\/div>\n\t\t\t\t<\/div>\n\t\t\t\t<div class=\"elementor-element elementor-element-a629d87 elementor-invisible elementor-widget elementor-widget-image\" data-id=\"a629d87\" data-element_type=\"widget\" data-e-type=\"widget\" data-settings=\"{&quot;_animation&quot;:&quot;fadeInRight&quot;,&quot;ekit_we_effect_on&quot;:&quot;none&quot;}\" data-widget_type=\"image.default\">\n\t\t\t\t<div class=\"elementor-widget-container\">\n\t\t\t\t\t\t\t\t\t\t\t\t\t\t\t<img fetchpriority=\"high\" decoding=\"async\" width=\"1365\" height=\"2048\" src=\"https:\/\/ericroy.ca\/wp-content\/uploads\/2024\/07\/eric-roy-2024-65.jpg\" class=\"attachment-full size-full wp-image-4580\" alt=\"\" srcset=\"https:\/\/ericroy.ca\/wp-content\/uploads\/2024\/07\/eric-roy-2024-65.jpg 1365w, https:\/\/ericroy.ca\/wp-content\/uploads\/2024\/07\/eric-roy-2024-65-200x300.jpg 200w, https:\/\/ericroy.ca\/wp-content\/uploads\/2024\/07\/eric-roy-2024-65-683x1024.jpg 683w, https:\/\/ericroy.ca\/wp-content\/uploads\/2024\/07\/eric-roy-2024-65-768x1152.jpg 768w, https:\/\/ericroy.ca\/wp-content\/uploads\/2024\/07\/eric-roy-2024-65-1024x1536.jpg 1024w\" sizes=\"(max-width: 1365px) 100vw, 1365px\" \/>\t\t\t\t\t\t\t\t\t\t\t\t\t\t\t<\/div>\n\t\t\t\t<\/div>\n\t\t\t\t\t<\/div>\n\t\t<\/div>\n\t\t\t\t<div class=\"elementor-column elementor-col-50 elementor-top-column elementor-element elementor-element-09b670b\" data-id=\"09b670b\" data-element_type=\"column\" data-e-type=\"column\">\n\t\t\t<div class=\"elementor-widget-wrap elementor-element-populated\">\n\t\t\t\t\t\t<div class=\"elementor-element elementor-element-4f313bc elementor-invisible elementor-widget elementor-widget-heading\" data-id=\"4f313bc\" data-element_type=\"widget\" data-e-type=\"widget\" data-settings=\"{&quot;_animation&quot;:&quot;fadeInDown&quot;,&quot;ekit_we_effect_on&quot;:&quot;none&quot;}\" data-widget_type=\"heading.default\">\n\t\t\t\t<div class=\"elementor-widget-container\">\n\t\t\t\t\t<h2 class=\"elementor-heading-title elementor-size-default\">Rencontrez Eric Roy<\/h2>\t\t\t\t<\/div>\n\t\t\t\t<\/div>\n\t\t\t\t<div class=\"elementor-element elementor-element-edcf575 elementor-invisible elementor-widget elementor-widget-text-editor\" data-id=\"edcf575\" data-element_type=\"widget\" data-e-type=\"widget\" data-settings=\"{&quot;_animation&quot;:&quot;fadeInUp&quot;,&quot;ekit_we_effect_on&quot;:&quot;none&quot;}\" data-widget_type=\"text-editor.default\">\n\t\t\t\t<div class=\"elementor-widget-container\">\n\t\t\t\t\t\t\t\t\t<p>Avec plus de 20 ans d'exp\u00e9rience dans le domaine de l'assurance individuelle, Eric Roy est r\u00e9put\u00e9 pour ses strat\u00e9gies cr\u00e9atives, innovantes et comp\u00e9titives en mati\u00e8re d'assurance et de planification du march\u00e9 des exon\u00e9rations.<\/p><p>Toujours \u00e0 la pointe des derni\u00e8res avanc\u00e9es en mati\u00e8re de conseil financier, Eric se consacre \u00e0 l'apprentissage continu, \u00e0 l'\u00e9largissement de sa bo\u00eete \u00e0 outils financi\u00e8re et \u00e0 la fourniture de conseils et d'une formation bien inform\u00e9s \u00e0 ses clients.<\/p><p>Eric a d\u00e9velopp\u00e9 des strat\u00e9gies de planification avanc\u00e9es en utilisant l'assurance-vie, en particulier pour les entreprises. Ces derni\u00e8res ann\u00e9es, le concept de \"banque infinie\" est devenu une priorit\u00e9 pour sa client\u00e8le.<\/p><p>Eric est sp\u00e9cialis\u00e9 dans l'\u00e9laboration de solutions financi\u00e8res originales et personnalis\u00e9es, con\u00e7ues pour servir efficacement les clients priv\u00e9s et professionnels.<\/p><p>En tant que passionn\u00e9 d'entra\u00eenement et ancien triathl\u00e8te national, Eric apporte la m\u00eame diligence et le m\u00eame engagement \u00e0 son travail professionnel, garantissant une analyse approfondie du portefeuille, la disponibilit\u00e9 et la connaissance actualis\u00e9e des r\u00e8gles et strat\u00e9gies actuelles.<\/p><p>P\u00e8re de famille d\u00e9vou\u00e9, Eric participe activement \u00e0 la vie familiale et \u00e0 l'\u00e9ducation de ses deux enfants, aux c\u00f4t\u00e9s de sa compagne, Cathy.<\/p><p>Eric Roy s'engage \u00e0 faire en sorte que les mots \" planification, protection et performance \" prennent tout leur sens dans la gestion de votre portefeuille financier et d'assurance.<\/p>\t\t\t\t\t\t\t\t<\/div>\n\t\t\t\t<\/div>\n\t\t\t\t<div class=\"elementor-element elementor-element-94d9d86 elementor-mobile-align-center elementor-align-center elementor-invisible elementor-widget elementor-widget-button\" data-id=\"94d9d86\" data-element_type=\"widget\" data-e-type=\"widget\" data-settings=\"{&quot;_animation&quot;:&quot;fadeInUp&quot;,&quot;ekit_we_effect_on&quot;:&quot;none&quot;}\" data-widget_type=\"button.default\">\n\t\t\t\t<div class=\"elementor-widget-container\">\n\t\t\t\t\t\t\t\t\t<div class=\"elementor-button-wrapper\">\n\t\t\t\t\t<a class=\"elementor-button elementor-button-link elementor-size-md elementor-animation-float\" href=\"\/fr\/contactez-nous\/\">\n\t\t\t\t\t\t<span class=\"elementor-button-content-wrapper\">\n\t\t\t\t\t\t\t\t\t<span class=\"elementor-button-text\">Nous contacter<\/span>\n\t\t\t\t\t<\/span>\n\t\t\t\t\t<\/a>\n\t\t\t\t<\/div>\n\t\t\t\t\t\t\t\t<\/div>\n\t\t\t\t<\/div>\n\t\t\t\t\t<\/div>\n\t\t<\/div>\n\t\t\t\t\t<\/div>\n\t\t<\/section>\n\t\t\t\t<section class=\"elementor-section elementor-top-section elementor-element elementor-element-221f64e elementor-section-content-space-evenly elementor-reverse-mobile elementor-section-boxed elementor-section-height-default elementor-section-height-default\" data-id=\"221f64e\" data-element_type=\"section\" data-e-type=\"section\" data-settings=\"{&quot;background_background&quot;:&quot;gradient&quot;}\">\n\t\t\t\t\t\t\t<div class=\"elementor-background-overlay\"><\/div>\n\t\t\t\t\t\t\t<div class=\"elementor-container elementor-column-gap-default\">\n\t\t\t\t\t<div class=\"elementor-column elementor-col-50 elementor-top-column elementor-element elementor-element-0282fbc\" data-id=\"0282fbc\" data-element_type=\"column\" data-e-type=\"column\">\n\t\t\t<div class=\"elementor-widget-wrap elementor-element-populated\">\n\t\t\t\t\t\t<div class=\"elementor-element elementor-element-0d2c305 elementor-invisible elementor-widget elementor-widget-heading\" data-id=\"0d2c305\" data-element_type=\"widget\" data-e-type=\"widget\" data-settings=\"{&quot;_animation&quot;:&quot;fadeInDown&quot;,&quot;ekit_we_effect_on&quot;:&quot;none&quot;}\" data-widget_type=\"heading.default\">\n\t\t\t\t<div class=\"elementor-widget-container\">\n\t\t\t\t\t<h2 class=\"elementor-heading-title elementor-size-default\">Rencontrer Roxanne <\/h2>\t\t\t\t<\/div>\n\t\t\t\t<\/div>\n\t\t\t\t<div class=\"elementor-element elementor-element-d3813fb elementor-invisible elementor-widget elementor-widget-text-editor\" data-id=\"d3813fb\" data-element_type=\"widget\" data-e-type=\"widget\" data-settings=\"{&quot;_animation&quot;:&quot;fadeInUp&quot;,&quot;ekit_we_effect_on&quot;:&quot;none&quot;}\" data-widget_type=\"text-editor.default\">\n\t\t\t\t<div class=\"elementor-widget-container\">\n\t\t\t\t\t\t\t\t\t<p>Depuis pr\u00e8s de 20 ans, Roxanne est une pierre angulaire dans le domaine des services administratifs, offrant un soutien inestimable \u00e0 de multiples petites entreprises de la r\u00e9gion. Depuis qu'elle a rejoint notre \u00e9quipe en tant que comptable en d\u00e9cembre 2015, elle est devenue une partie int\u00e9grante de nos op\u00e9rations.<\/p><p>Roxanne est connue pour son sens exceptionnel de l'organisation et son grand souci du d\u00e9tail. Elle est tr\u00e8s fi\u00e8re de son travail et veille \u00e0 ce que chaque t\u00e2che soit accomplie \u00e0 la perfection. Son \u00e9thique de travail m\u00e9ticuleuse, affin\u00e9e au fil de ses ann\u00e9es d'exp\u00e9rience, est \u00e9vidente dans tout ce qu'elle fait. Le d\u00e9vouement et la rigueur de Roxanne se refl\u00e8tent dans sa capacit\u00e9 \u00e0 g\u00e9rer des t\u00e2ches comptables complexes avec facilit\u00e9 et pr\u00e9cision. Nous appr\u00e9cions profond\u00e9ment la perspicacit\u00e9 et les connaissances qu'elle apporte \u00e0 nos questions comptables, ce qui fait d'elle un atout inestimable pour notre \u00e9quipe.<\/p><p>Au-del\u00e0 de sa vie professionnelle, Roxanne se consacre \u00e0 sa famille. Elle aime passer du temps \u00e0 l'ext\u00e9rieur et fait souvent du camping avec sa famille, cr\u00e9ant ainsi des souvenirs inoubliables. En outre, elle participe activement \u00e0 l'\u00e9ducation de ses enfants, en les aidant \u00e0 faire leurs devoirs et en soutenant leur d\u00e9veloppement scolaire.<\/p><p>L'engagement de Roxanne en faveur de l'excellence, tant dans sa vie professionnelle que personnelle, fait d'elle un membre appr\u00e9ci\u00e9 de notre \u00e9quipe.<\/p>\t\t\t\t\t\t\t\t<\/div>\n\t\t\t\t<\/div>\n\t\t\t\t<div class=\"elementor-element elementor-element-535bed6 elementor-mobile-align-center elementor-align-center elementor-invisible elementor-widget elementor-widget-button\" data-id=\"535bed6\" data-element_type=\"widget\" data-e-type=\"widget\" data-settings=\"{&quot;_animation&quot;:&quot;fadeInUp&quot;,&quot;ekit_we_effect_on&quot;:&quot;none&quot;}\" data-widget_type=\"button.default\">\n\t\t\t\t<div class=\"elementor-widget-container\">\n\t\t\t\t\t\t\t\t\t<div class=\"elementor-button-wrapper\">\n\t\t\t\t\t<a class=\"elementor-button elementor-button-link elementor-size-md elementor-animation-float\" href=\"\/fr\/contactez-nous\/\">\n\t\t\t\t\t\t<span class=\"elementor-button-content-wrapper\">\n\t\t\t\t\t\t\t\t\t<span class=\"elementor-button-text\">Nous contacter<\/span>\n\t\t\t\t\t<\/span>\n\t\t\t\t\t<\/a>\n\t\t\t\t<\/div>\n\t\t\t\t\t\t\t\t<\/div>\n\t\t\t\t<\/div>\n\t\t\t\t\t<\/div>\n\t\t<\/div>\n\t\t\t\t<div class=\"elementor-column elementor-col-50 elementor-top-column elementor-element elementor-element-51ed555\" data-id=\"51ed555\" data-element_type=\"column\" data-e-type=\"column\">\n\t\t\t<div class=\"elementor-widget-wrap elementor-element-populated\">\n\t\t\t\t\t\t<div class=\"elementor-element elementor-element-ed82c72 elementor-widget__width-initial elementor-absolute elementor-invisible elementor-widget elementor-widget-image\" data-id=\"ed82c72\" data-element_type=\"widget\" data-e-type=\"widget\" data-settings=\"{&quot;_animation&quot;:&quot;fadeInRight&quot;,&quot;_position&quot;:&quot;absolute&quot;,&quot;motion_fx_motion_fx_scrolling&quot;:&quot;yes&quot;,&quot;motion_fx_translateY_effect&quot;:&quot;yes&quot;,&quot;motion_fx_translateY_direction&quot;:&quot;negative&quot;,&quot;ekit_we_effect_on&quot;:&quot;none&quot;,&quot;motion_fx_translateY_speed&quot;:{&quot;unit&quot;:&quot;px&quot;,&quot;size&quot;:4,&quot;sizes&quot;:[]},&quot;motion_fx_translateY_affectedRange&quot;:{&quot;unit&quot;:&quot;%&quot;,&quot;size&quot;:&quot;&quot;,&quot;sizes&quot;:{&quot;start&quot;:0,&quot;end&quot;:100}},&quot;motion_fx_devices&quot;:[&quot;desktop&quot;,&quot;tablet&quot;,&quot;mobile&quot;]}\" data-widget_type=\"image.default\">\n\t\t\t\t<div class=\"elementor-widget-container\">\n\t\t\t\t\t\t\t\t\t\t\t\t\t\t\t<img decoding=\"async\" width=\"136\" height=\"136\" data-src=\"https:\/\/ericroy.ca\/wp-content\/uploads\/2024\/05\/icon-circle.png\" class=\"attachment-large size-large wp-image-551 lazyload\" alt=\"\" src=\"data:image\/svg+xml;base64,PHN2ZyB3aWR0aD0iMSIgaGVpZ2h0PSIxIiB4bWxucz0iaHR0cDovL3d3dy53My5vcmcvMjAwMC9zdmciPjwvc3ZnPg==\" style=\"--smush-placeholder-width: 136px; --smush-placeholder-aspect-ratio: 136\/136;\" \/>\t\t\t\t\t\t\t\t\t\t\t\t\t\t\t<\/div>\n\t\t\t\t<\/div>\n\t\t\t\t<div class=\"elementor-element elementor-element-911b15b elementor-invisible elementor-widget elementor-widget-image\" data-id=\"911b15b\" data-element_type=\"widget\" data-e-type=\"widget\" data-settings=\"{&quot;_animation&quot;:&quot;fadeInRight&quot;,&quot;ekit_we_effect_on&quot;:&quot;none&quot;}\" data-widget_type=\"image.default\">\n\t\t\t\t<div class=\"elementor-widget-container\">\n\t\t\t\t\t\t\t\t\t\t\t\t\t\t\t<img decoding=\"async\" width=\"1365\" height=\"2048\" data-src=\"https:\/\/ericroy.ca\/wp-content\/uploads\/2024\/07\/roxanne-2024-10.jpg\" class=\"attachment-full size-full wp-image-4588 lazyload\" alt=\"\" data-srcset=\"https:\/\/ericroy.ca\/wp-content\/uploads\/2024\/07\/roxanne-2024-10.jpg 1365w, https:\/\/ericroy.ca\/wp-content\/uploads\/2024\/07\/roxanne-2024-10-200x300.jpg 200w, https:\/\/ericroy.ca\/wp-content\/uploads\/2024\/07\/roxanne-2024-10-683x1024.jpg 683w, https:\/\/ericroy.ca\/wp-content\/uploads\/2024\/07\/roxanne-2024-10-768x1152.jpg 768w, https:\/\/ericroy.ca\/wp-content\/uploads\/2024\/07\/roxanne-2024-10-1024x1536.jpg 1024w\" data-sizes=\"auto\" src=\"data:image\/svg+xml;base64,PHN2ZyB3aWR0aD0iMSIgaGVpZ2h0PSIxIiB4bWxucz0iaHR0cDovL3d3dy53My5vcmcvMjAwMC9zdmciPjwvc3ZnPg==\" style=\"--smush-placeholder-width: 1365px; --smush-placeholder-aspect-ratio: 1365\/2048;\" data-original-sizes=\"(max-width: 1365px) 100vw, 1365px\" \/>\t\t\t\t\t\t\t\t\t\t\t\t\t\t\t<\/div>\n\t\t\t\t<\/div>\n\t\t\t\t\t<\/div>\n\t\t<\/div>\n\t\t\t\t\t<\/div>\n\t\t<\/section>\n\t\t\t\t<\/div>","protected":false},"excerpt":{"rendered":"<p>A propos de nous Rencontrez Eric Roy Avec plus de 20 ans d'exp\u00e9rience dans le domaine de l'assurance individuelle, Eric Roy est r\u00e9put\u00e9 pour ses strat\u00e9gies cr\u00e9atives, innovantes et comp\u00e9titives en mati\u00e8re d'assurance et de planification des march\u00e9s exon\u00e9r\u00e9s. Toujours \u00e0 l'avant-garde des derni\u00e8res avanc\u00e9es en mati\u00e8re de conseils financiers, Eric se consacre \u00e0 l'apprentissage continu, \u00e0 l'\u00e9largissement de sa bo\u00eete \u00e0 outils financiers et \u00e0 la fourniture de conseils bien inform\u00e9s et [...]<\/p>","protected":false},"author":49,"featured_media":0,"parent":0,"menu_order":0,"comment_status":"closed","ping_status":"closed","template":"","meta":{"footnotes":""},"class_list":["post-100","page","type-page","status-publish","hentry"],"_links":{"self":[{"href":"https:\/\/ericroy.ca\/fr\/wp-json\/wp\/v2\/pages\/100","targetHints":{"allow":["GET"]}}],"collection":[{"href":"https:\/\/ericroy.ca\/fr\/wp-json\/wp\/v2\/pages"}],"about":[{"href":"https:\/\/ericroy.ca\/fr\/wp-json\/wp\/v2\/types\/page"}],"author":[{"embeddable":true,"href":"https:\/\/ericroy.ca\/fr\/wp-json\/wp\/v2\/users\/49"}],"replies":[{"embeddable":true,"href":"https:\/\/ericroy.ca\/fr\/wp-json\/wp\/v2\/comments?post=100"}],"version-history":[{"count":0,"href":"https:\/\/ericroy.ca\/fr\/wp-json\/wp\/v2\/pages\/100\/revisions"}],"wp:attachment":[{"href":"https:\/\/ericroy.ca\/fr\/wp-json\/wp\/v2\/media?parent=100"}],"curies":[{"name":"wp","href":"https:\/\/api.w.org\/{rel}","templated":true}]}}